{"id":75,"date":"2017-04-13T18:44:56","date_gmt":"2017-04-13T16:44:56","guid":{"rendered":"https:\/\/www.rbstudio.si\/?page_id=75"},"modified":"2023-03-17T14:01:04","modified_gmt":"2023-03-17T13:01:04","slug":"domov","status":"publish","type":"page","link":"https:\/\/www.rbstudio.si\/sl\/","title":{"rendered":"RB studio I Notranje oblikovanje I Ljubljana"},"content":{"rendered":"<div class=\"wpb-content-wrapper\"><div class=\"vc_row wpb_row vc_row-fluid\"><div class=\"wpb_column vc_column_container vc_col-sm-12\"><div class=\"vc_column-inner\"><div class=\"wpb_wrapper\">\n    <div\n            class=\"pp-scrollable text-white section section-1  vc_custom_1679058062346  \"  >\n        <div class=\"scroll-wrap\">\n\n\t\t\t                <div class=\"section-bg\" style=\"background-image:url();\"><\/div>\n\t\t\t\t\n            <div class=\"scrollable-content\">\n                <div class=\"vertical-centred\">\n                    <div class=\"boxed boxed-inner\">\n                        <div\n                                class=\"vertical-title hidden-xs hidden-sm\"><span>Predstavitev<\/span><\/div>\n                        <div class=\"boxed\">\n                            <div class=\"container\">\n                                <div class=\"intro\">\n                                    <div class=\"row\">\n                                        <div class=\"col-md-8 col-lg-6\">\n                                            <p class=\"subtitle-top\">Dobrodo\u0161li na spletni strani RB studio!<\/p>\n                                            <h1 class=\"display-2 text-white\"><p><span class=\"text-primary\">Nikoli ni dovolj dobro, da ne bi moglo biti \u0161e bolje.<br \/>\n<\/span><\/p>\n<\/h1>\n                                            <div class=\"hr-bottom\"><\/div>\n                                        <\/div>\n                                    <\/div>\n                                <\/div>\n                            <\/div>\n                        <\/div>\n                    <\/div>\n                <\/div>\n            <\/div>\n        <\/div>\n    <\/div>\n\n\t\n\n    <div\n            class=\"pp-scrollable section section-2   \"  >\n        <div class=\"scroll-wrap\">\n            <div class=\"scrollable-content\">\n                <div class=\"vertical-centred\">\n                    <div class=\"boxed boxed-inner\">\n                        <div\n                                class=\"vertical-title text-dark hidden-xs hidden-sm\"><span>Kaj delam?<\/span><\/div>\n                        <div class=\"boxed\">\n                            <div class=\"container\">\n                                <div class=\"intro\">\n                                    <div class=\"row\">\n                                        <div class=\"col-md-5 col-lg-5\">\n                                            <p class=\"subtitle-top text-dark\">Moje poslanstvo ...<\/p>\n                                            <h2 class=\"title-uppercase\">&#8230; je narediti prostor, ki bo pisan na ko\u017eo uporabniku, hkrati pa bo zadovoljil potrebe \u0161e tako budnega estetskega o\u010desa.<\/h2>\n                                            <ul class=\"service-list\">\n\t\t\t\t\t\t\t\t\t\t\t\t                                                        <li><a href=\"https:\/\/www.rbstudio.si\/projekti\/\">Vsi projekti<\/a><\/li>\n\n\t\t\t\t\t\t\t\t\t\t\t\t\t                                                        <li><a href=\"https:\/\/www.rbstudio.si\/projekti\">Javni interier<\/a><\/li>\n\n\t\t\t\t\t\t\t\t\t\t\t\t\t                                                        <li><a href=\"https:\/\/www.rbstudio.si\/projekti\/\">Zasebni interier<\/a><\/li>\n\n\t\t\t\t\t\t\t\t\t\t\t\t\t                                                        <li><a href=\"https:\/\/www.rbstudio.si\/projekti\/\">POS stojala<\/a><\/li>\n\n\t\t\t\t\t\t\t\t\t\t\t\t\t                                                        <li><a href=\"https:\/\/www.rbstudio.si\/projekti\/\">Ostalo<\/a><\/li>\n\n\t\t\t\t\t\t\t\t\t\t\t\t\t                                            <\/ul>\n                                        <\/div>\n                                        <div class=\"col-md-6 col-lg-5 col-md-offset-1 col-lg-offset-2\">\n                                            <div class=\"dots-image-2\">\n\n\t\t\t\t\t\t\t\t\t\t\t\t                                                    <img decoding=\"async\" alt=\"\" class=\"img-responsive\"\n                                                         src=\"https:\/\/www.rbstudio.si\/wp-content\/uploads\/2023\/01\/Rok_profilna-1.png\">\n\t\t\t\t\t\t\t\t\t\t\t\t\t\n                                                <div class=\"dots\"><\/div>\n                                                <div class=\"experience-info\">\n                                                    <div class=\"number\">7+<\/div>\n                                                    <div\n                                                            class=\"text\">Let izku\u0161enj.<\/div>\n                                                <\/div>\n                                            <\/div>\n                                        <\/div>\n                                    <\/div>\n                                <\/div>\n                            <\/div>\n                        <\/div>\n                    <\/div>\n                <\/div>\n            <\/div>\n        <\/div>\n    <\/div>\n\n\t\n\n    <div class=\"pp-scrollable section section-4  vc_custom_1677223248627  \"  >\n        <div class=\"scroll-wrap\">\n            <div class=\"scrollable-content\">\n                <div class=\"vertical-centred\">\n                    <div class=\"boxed boxed-inner\">\n                        <div class=\"vertical-title text-dark hidden-xs hidden-sm\">\n\t\t\t\t\t\t\t<span>Partnerji<\/span><\/div>\n                        <div class=\"boxed\">\n                            <div class=\"container\">\n                                <div class=\"intro overflow-hidden\">\n                                    <div class=\"row\">\n                                        <div class=\"col-md-12\">\n                                            <h2 class=\"title-uppercase\">partnerji<\/h2>\n                                            <div class=\"row-partners\">\n\t\t\t\t\t\t\t\t\t\t\t\t\n\n                                                            <div class=\"col-partner\">\n                                                                <div class=\"partner-inner\">\n\t                                                                \n\t                                                                <a href=\"https:\/\/sebena.si\/ \">\n\t\t                                                                \t                                                                <img decoding=\"async\" alt=\"\" src=\"https:\/\/www.rbstudio.si\/wp-content\/uploads\/2023\/01\/sebena_black.png\">\n\t\t\t\t\t\t\t\t\t\t\t\t\t\t\t                                                                <\/a>\n\t\t\t\t\t\t\t\t\t\t\t\t\t\t                                                                <\/div>\n                                                            <\/div>\n\t\t\t\t\t\t\t\t\t\t\t\t\t\t\n\n                                                            <div class=\"col-partner\">\n                                                                <div class=\"partner-inner\">\n\t                                                                \n\t                                                                <a href=\"https:\/\/www.anker.si\/kategorija\/eufy\/?orderby=date \">\n\t\t                                                                \t                                                                <img decoding=\"async\" alt=\"\" src=\"https:\/\/www.rbstudio.si\/wp-content\/uploads\/2023\/01\/eufy_black.png\">\n\t\t\t\t\t\t\t\t\t\t\t\t\t\t\t                                                                <\/a>\n\t\t\t\t\t\t\t\t\t\t\t\t\t\t                                                                <\/div>\n                                                            <\/div>\n\t\t\t\t\t\t\t\t\t\t\t\t\t\t\n\n                                                            <div class=\"col-partner\">\n                                                                <div class=\"partner-inner\">\n\t                                                                \n\t                                                                <a href=\"https:\/\/www.elkotex.si\/ \">\n\t\t                                                                \t                                                                <img decoding=\"async\" alt=\"\" src=\"https:\/\/www.rbstudio.si\/wp-content\/uploads\/2023\/01\/ELKO_black.png\">\n\t\t\t\t\t\t\t\t\t\t\t\t\t\t\t                                                                <\/a>\n\t\t\t\t\t\t\t\t\t\t\t\t\t\t                                                                <\/div>\n                                                            <\/div>\n\t\t\t\t\t\t\t\t\t\t\t\t\t\t\n\n                                                            <div class=\"col-partner\">\n                                                                <div class=\"partner-inner\">\n\t                                                                \n\t                                                                <a href=\"https:\/\/www.anker.si\/kategorija\/soundcore\/?orderby=date \">\n\t\t                                                                \t                                                                <img decoding=\"async\" alt=\"\" src=\"https:\/\/www.rbstudio.si\/wp-content\/uploads\/2023\/01\/soundcore_black.png\">\n\t\t\t\t\t\t\t\t\t\t\t\t\t\t\t                                                                <\/a>\n\t\t\t\t\t\t\t\t\t\t\t\t\t\t                                                                <\/div>\n                                                            <\/div>\n\t\t\t\t\t\t\t\t\t\t\t\t\t\t\n\n                                                            <div class=\"col-partner\">\n                                                                <div class=\"partner-inner\">\n\t                                                                \n\t                                                                <a href=\"https:\/\/www.anker.si\/ \">\n\t\t                                                                \t                                                                <img decoding=\"async\" alt=\"\" src=\"https:\/\/www.rbstudio.si\/wp-content\/uploads\/2023\/01\/Anker_black.png\">\n\t\t\t\t\t\t\t\t\t\t\t\t\t\t\t                                                                <\/a>\n\t\t\t\t\t\t\t\t\t\t\t\t\t\t                                                                <\/div>\n                                                            <\/div>\n\t\t\t\t\t\t\t\t\t\t\t\t\t\t\n\n                                                            <div class=\"col-partner\">\n                                                                <div class=\"partner-inner\">\n\t                                                                \n\t                                                                <a href=\"https:\/\/www.almark.si\/ \">\n\t\t                                                                \t                                                                <img decoding=\"async\" alt=\"\" src=\"https:\/\/www.rbstudio.si\/wp-content\/uploads\/2023\/01\/Almark_black.png\">\n\t\t\t\t\t\t\t\t\t\t\t\t\t\t\t                                                                <\/a>\n\t\t\t\t\t\t\t\t\t\t\t\t\t\t                                                                <\/div>\n                                                            <\/div>\n\t\t\t\t\t\t\t\t\t\t\t\t\t\t\n\n                                                            <div class=\"col-partner\">\n                                                                <div class=\"partner-inner\">\n\t                                                                \n\t                                                                <a href=\"https:\/\/www.m-hotel.si\/ \">\n\t\t                                                                \t                                                                <img decoding=\"async\" alt=\"\" src=\"https:\/\/www.rbstudio.si\/wp-content\/uploads\/2023\/01\/M-hotel_black.png\">\n\t\t\t\t\t\t\t\t\t\t\t\t\t\t\t                                                                <\/a>\n\t\t\t\t\t\t\t\t\t\t\t\t\t\t                                                                <\/div>\n                                                            <\/div>\n\t\t\t\t\t\t\t\t\t\t\t\t\t\t\n\n                                                            <div class=\"col-partner\">\n                                                                <div class=\"partner-inner\">\n\t                                                                \n\t                                                                <a href=\"https:\/\/tilt.si\/ \">\n\t\t                                                                \t                                                                <img decoding=\"async\" alt=\"\" src=\"https:\/\/www.rbstudio.si\/wp-content\/uploads\/2023\/01\/TILT_black.png\">\n\t\t\t\t\t\t\t\t\t\t\t\t\t\t\t                                                                <\/a>\n\t\t\t\t\t\t\t\t\t\t\t\t\t\t                                                                <\/div>\n                                                            <\/div>\n\t\t\t\t\t\t\t\t\t\t\t\t\t\t\n\n                                                            <div class=\"col-partner\">\n                                                                <div class=\"partner-inner\">\n\t                                                                \n\t                                                                <a href=\"https:\/\/www.gdb.si\/ \">\n\t\t                                                                \t                                                                <img decoding=\"async\" alt=\"\" src=\"https:\/\/www.rbstudio.si\/wp-content\/uploads\/2023\/01\/GDB_black.png\">\n\t\t\t\t\t\t\t\t\t\t\t\t\t\t\t                                                                <\/a>\n\t\t\t\t\t\t\t\t\t\t\t\t\t\t                                                                <\/div>\n                                                            <\/div>\n\t\t\t\t\t\t\t\t\t\t\t\t\t\t\n\n                                                            <div class=\"col-partner\">\n                                                                <div class=\"partner-inner\">\n\t                                                                \n\t                                                                <a href=\"https:\/\/www.kauch.si \">\n\t\t                                                                \t                                                                <img decoding=\"async\" alt=\"\" src=\"https:\/\/www.rbstudio.si\/wp-content\/uploads\/2023\/02\/KAUCH_1.png\">\n\t\t\t\t\t\t\t\t\t\t\t\t\t\t\t                                                                <\/a>\n\t\t\t\t\t\t\t\t\t\t\t\t\t\t                                                                <\/div>\n                                                            <\/div>\n\t\t\t\t\t\t\t\t\t\t\t\t\t\t\n\n                                                            <div class=\"col-partner\">\n                                                                <div class=\"partner-inner\">\n\t                                                                \n\t                                                                <a href=\"http:\/\/www.nosecka.net \">\n\t\t                                                                \t                                                                <img decoding=\"async\" alt=\"\" src=\"https:\/\/www.rbstudio.si\/wp-content\/uploads\/2023\/02\/Nosecka_black.png\">\n\t\t\t\t\t\t\t\t\t\t\t\t\t\t\t                                                                <\/a>\n\t\t\t\t\t\t\t\t\t\t\t\t\t\t                                                                <\/div>\n                                                            <\/div>\n\t\t\t\t\t\t\t\t\t\t\t\t\t\t\n                                            <\/div>\n                                        <\/div>\n                                    <\/div>\n                                <\/div>\n                            <\/div>\n                        <\/div>\n                    <\/div>\n                <\/div>\n            <\/div>\n        <\/div>\n    <\/div>\n\n\t<\/div><\/div><\/div><\/div>\n<\/div>","protected":false},"excerpt":{"rendered":"Predstavitev Dobrodo\u0161li na spletni strani RB studio! Nikoli ni dovolj dobro, da ne bi moglo biti \u0161e bolje. Kaj delam? Moje poslanstvo ... ... je narediti prostor, ki bo pisan na ko\u017eo uporabniku, hkrati pa bo zadovoljil potrebe \u0161e tako budnega estetskega o\u010desa. Vsi projekti Javni interier Zasebni interier POS stojala Ostalo 7+ Let izku\u0161enj. [...]","protected":false},"author":1,"featured_media":0,"parent":0,"menu_order":0,"comment_status":"closed","ping_status":"closed","template":"template-fullpage.php","meta":{"_monsterinsights_skip_tracking":false,"_monsterinsights_sitenote_active":false,"_monsterinsights_sitenote_note":"","_monsterinsights_sitenote_category":0,"footnotes":""},"class_list":["post-75","page","type-page","status-publish","hentry"],"yoast_head":"<!-- This site is optimized with the Yoast SEO plugin v27.4 - https:\/\/yoast.com\/product\/yoast-seo-wordpress\/ -->\n<title>RB studio | Notranje oblikovanje | Ljubljana<\/title>\n<meta name=\"description\" content=\"Dobrodo\u0161li na spletni strani RB studio! Z veseljem delim nekaj o meni in mojem delu. Izvoli in si oglej moje projekte.\" \/>\n<meta name=\"robots\" content=\"index, follow, max-snippet:-1, max-image-preview:large, max-video-preview:-1\" \/>\n<link rel=\"canonical\" href=\"https:\/\/www.rbstudio.si\/sl\/\" \/>\n<meta property=\"og:locale\" content=\"sl_SI\" \/>\n<meta property=\"og:type\" content=\"article\" \/>\n<meta property=\"og:title\" content=\"RB studio | Notranje oblikovanje | Ljubljana\" \/>\n<meta property=\"og:description\" content=\"Dobrodo\u0161li na spletni strani RB studio! Z veseljem delim nekaj o meni in mojem delu. Izvoli in si oglej moje projekte.\" \/>\n<meta property=\"og:url\" content=\"https:\/\/www.rbstudio.si\/sl\/\" \/>\n<meta property=\"og:site_name\" content=\"RB studio\" \/>\n<meta property=\"article:modified_time\" content=\"2023-03-17T13:01:04+00:00\" \/>\n<meta name=\"twitter:card\" content=\"summary_large_image\" \/>\n<meta name=\"twitter:label1\" content=\"Est. reading time\" \/>\n\t<meta name=\"twitter:data1\" content=\"1 minuta\" \/>\n<script type=\"application\/ld+json\" class=\"yoast-schema-graph\">{\"@context\":\"https:\\\/\\\/schema.org\",\"@graph\":[{\"@type\":\"WebPage\",\"@id\":\"https:\\\/\\\/www.rbstudio.si\\\/\",\"url\":\"https:\\\/\\\/www.rbstudio.si\\\/\",\"name\":\"RB studio | Notranje oblikovanje | Ljubljana\",\"isPartOf\":{\"@id\":\"https:\\\/\\\/www.rbstudio.si\\\/#website\"},\"datePublished\":\"2017-04-13T16:44:56+00:00\",\"dateModified\":\"2023-03-17T13:01:04+00:00\",\"description\":\"Dobrodo\u0161li na spletni strani RB studio! Z veseljem delim nekaj o meni in mojem delu. Izvoli in si oglej moje projekte.\",\"breadcrumb\":{\"@id\":\"https:\\\/\\\/www.rbstudio.si\\\/#breadcrumb\"},\"inLanguage\":\"sl-SI\",\"potentialAction\":[{\"@type\":\"ReadAction\",\"target\":[\"https:\\\/\\\/www.rbstudio.si\\\/\"]}]},{\"@type\":\"BreadcrumbList\",\"@id\":\"https:\\\/\\\/www.rbstudio.si\\\/#breadcrumb\",\"itemListElement\":[{\"@type\":\"ListItem\",\"position\":1,\"name\":\"Home\",\"item\":\"https:\\\/\\\/www.rbstudio.si\\\/\"},{\"@type\":\"ListItem\",\"position\":2,\"name\":\"RB studio I Notranje oblikovanje I Ljubljana\"}]},{\"@type\":\"WebSite\",\"@id\":\"https:\\\/\\\/www.rbstudio.si\\\/#website\",\"url\":\"https:\\\/\\\/www.rbstudio.si\\\/\",\"name\":\"RB studio\",\"description\":\"\",\"publisher\":{\"@id\":\"https:\\\/\\\/www.rbstudio.si\\\/#organization\"},\"potentialAction\":[{\"@type\":\"SearchAction\",\"target\":{\"@type\":\"EntryPoint\",\"urlTemplate\":\"https:\\\/\\\/www.rbstudio.si\\\/?s={search_term_string}\"},\"query-input\":{\"@type\":\"PropertyValueSpecification\",\"valueRequired\":true,\"valueName\":\"search_term_string\"}}],\"inLanguage\":\"sl-SI\"},{\"@type\":\"Organization\",\"@id\":\"https:\\\/\\\/www.rbstudio.si\\\/#organization\",\"name\":\"RB studio\",\"url\":\"https:\\\/\\\/www.rbstudio.si\\\/\",\"logo\":{\"@type\":\"ImageObject\",\"inLanguage\":\"sl-SI\",\"@id\":\"https:\\\/\\\/www.rbstudio.si\\\/#\\\/schema\\\/logo\\\/image\\\/\",\"url\":\"https:\\\/\\\/rbstudio.si.rsmt.si\\\/wp-content\\\/uploads\\\/2023\\\/01\\\/RB-studio_black.png\",\"contentUrl\":\"https:\\\/\\\/rbstudio.si.rsmt.si\\\/wp-content\\\/uploads\\\/2023\\\/01\\\/RB-studio_black.png\",\"width\":512,\"height\":512,\"caption\":\"RB studio\"},\"image\":{\"@id\":\"https:\\\/\\\/www.rbstudio.si\\\/#\\\/schema\\\/logo\\\/image\\\/\"},\"sameAs\":[\"https:\\\/\\\/www.linkedin.com\\\/in\\\/rok-boi-rbstudio\"]}]}<\/script>\n<!-- \/ Yoast SEO plugin. -->","yoast_head_json":{"title":"RB studio | Notranje oblikovanje | Ljubljana","description":"Dobrodo\u0161li na spletni strani RB studio! Z veseljem delim nekaj o meni in mojem delu. Izvoli in si oglej moje projekte.","robots":{"index":"index","follow":"follow","max-snippet":"max-snippet:-1","max-image-preview":"max-image-preview:large","max-video-preview":"max-video-preview:-1"},"canonical":"https:\/\/www.rbstudio.si\/sl\/","og_locale":"sl_SI","og_type":"article","og_title":"RB studio | Notranje oblikovanje | Ljubljana","og_description":"Dobrodo\u0161li na spletni strani RB studio! Z veseljem delim nekaj o meni in mojem delu. Izvoli in si oglej moje projekte.","og_url":"https:\/\/www.rbstudio.si\/sl\/","og_site_name":"RB studio","article_modified_time":"2023-03-17T13:01:04+00:00","twitter_card":"summary_large_image","twitter_misc":{"Est. reading time":"1 minuta"},"schema":{"@context":"https:\/\/schema.org","@graph":[{"@type":"WebPage","@id":"https:\/\/www.rbstudio.si\/","url":"https:\/\/www.rbstudio.si\/","name":"RB studio | Notranje oblikovanje | Ljubljana","isPartOf":{"@id":"https:\/\/www.rbstudio.si\/#website"},"datePublished":"2017-04-13T16:44:56+00:00","dateModified":"2023-03-17T13:01:04+00:00","description":"Dobrodo\u0161li na spletni strani RB studio! Z veseljem delim nekaj o meni in mojem delu. Izvoli in si oglej moje projekte.","breadcrumb":{"@id":"https:\/\/www.rbstudio.si\/#breadcrumb"},"inLanguage":"sl-SI","potentialAction":[{"@type":"ReadAction","target":["https:\/\/www.rbstudio.si\/"]}]},{"@type":"BreadcrumbList","@id":"https:\/\/www.rbstudio.si\/#breadcrumb","itemListElement":[{"@type":"ListItem","position":1,"name":"Home","item":"https:\/\/www.rbstudio.si\/"},{"@type":"ListItem","position":2,"name":"RB studio I Notranje oblikovanje I Ljubljana"}]},{"@type":"WebSite","@id":"https:\/\/www.rbstudio.si\/#website","url":"https:\/\/www.rbstudio.si\/","name":"RB studio","description":"","publisher":{"@id":"https:\/\/www.rbstudio.si\/#organization"},"potentialAction":[{"@type":"SearchAction","target":{"@type":"EntryPoint","urlTemplate":"https:\/\/www.rbstudio.si\/?s={search_term_string}"},"query-input":{"@type":"PropertyValueSpecification","valueRequired":true,"valueName":"search_term_string"}}],"inLanguage":"sl-SI"},{"@type":"Organization","@id":"https:\/\/www.rbstudio.si\/#organization","name":"RB studio","url":"https:\/\/www.rbstudio.si\/","logo":{"@type":"ImageObject","inLanguage":"sl-SI","@id":"https:\/\/www.rbstudio.si\/#\/schema\/logo\/image\/","url":"https:\/\/rbstudio.si.rsmt.si\/wp-content\/uploads\/2023\/01\/RB-studio_black.png","contentUrl":"https:\/\/rbstudio.si.rsmt.si\/wp-content\/uploads\/2023\/01\/RB-studio_black.png","width":512,"height":512,"caption":"RB studio"},"image":{"@id":"https:\/\/www.rbstudio.si\/#\/schema\/logo\/image\/"},"sameAs":["https:\/\/www.linkedin.com\/in\/rok-boi-rbstudio"]}]}},"_links":{"self":[{"href":"https:\/\/www.rbstudio.si\/sl\/wp-json\/wp\/v2\/pages\/75","targetHints":{"allow":["GET"]}}],"collection":[{"href":"https:\/\/www.rbstudio.si\/sl\/wp-json\/wp\/v2\/pages"}],"about":[{"href":"https:\/\/www.rbstudio.si\/sl\/wp-json\/wp\/v2\/types\/page"}],"author":[{"embeddable":true,"href":"https:\/\/www.rbstudio.si\/sl\/wp-json\/wp\/v2\/users\/1"}],"replies":[{"embeddable":true,"href":"https:\/\/www.rbstudio.si\/sl\/wp-json\/wp\/v2\/comments?post=75"}],"version-history":[{"count":92,"href":"https:\/\/www.rbstudio.si\/sl\/wp-json\/wp\/v2\/pages\/75\/revisions"}],"predecessor-version":[{"id":1594,"href":"https:\/\/www.rbstudio.si\/sl\/wp-json\/wp\/v2\/pages\/75\/revisions\/1594"}],"wp:attachment":[{"href":"https:\/\/www.rbstudio.si\/sl\/wp-json\/wp\/v2\/media?parent=75"}],"curies":[{"name":"wp","href":"https:\/\/api.w.org\/{rel}","templated":true}]}}