{"id":155,"date":"2017-04-19T07:58:39","date_gmt":"2017-04-19T05:58:39","guid":{"rendered":"https:\/\/www.rbstudio.si\/?page_id=155"},"modified":"2023-09-13T13:50:45","modified_gmt":"2023-09-13T11:50:45","slug":"kontakt","status":"publish","type":"page","link":"https:\/\/www.rbstudio.si\/sl\/kontakt\/","title":{"rendered":"Kontakt"},"content":{"rendered":"<div class=\"wpb-content-wrapper\"><div class=\"vc_row wpb_row vc_row-fluid\"><div class=\"wpb_column vc_column_container vc_col-sm-12\"><div class=\"vc_column-inner\"><div class=\"wpb_wrapper\">\n\n    <main\n            class=\"page-header-3 \"  >\n        <div class=\"container\">\n            <div class=\"row\">\n                <div class=\"col-md-3\">\n                    <div class=\"title-hr\"><\/div>\n                <\/div>\n                <div class=\"col-md-8 col-lg-6\"><h1>Kontakt<\/h1><\/div>\n            <\/div>\n        <\/div>\n    <\/main>\n\t\n\n    <div class=\"content-entry-image vc_custom_1673958925604 \"  ><\/div>\n\n\t\n\n    <section    >\n        <div class=\"container\">\n            <div class=\"row\">\n                <div class=\"col-md-3\">\n                    <div class=\"section-info\">\n                        <div class=\"title-hr\"><\/div>\n                        <div class=\"info-title\">Stopi v stik<\/div>\n                    <\/div>\n                <\/div>\n                <div class=\"col-md-9\">\n                    <div class=\"row-contact row\">\n                        <div class=\"col-contact col-lg-6\">\n                            <h3 class=\"contact-title contact-top\">Ljubljana, Slovenija<\/h3>\n                            <p class=\"contact-address text-muted\"><strong>Ulica Ivane Kobilce 5, 1000 Ljubljana<\/strong><\/p>\n\t\t\t\t\t\t\t                                    <p class=\"contact-row\"><strong class=\"text-dark\">Email:<\/strong> info@rbstudio.si<\/p>\n\t\t\t\t\t\t\t\t                                    <p class=\"contact-row\"><strong class=\"text-dark\">Naziv podjetja:<\/strong><br \/>RB STUDIO<br \/>Rok Bo\u017ei\u010d s.p.<br \/>Ulica Ivane Kobilce 5<br \/>1000 Ljubljana<br \/>d.\u0161.: 20034679\n\n <\/p>\n\t\t\t\t\t\t\t\t                        <\/div>\n                        <div class=\"col-contact col-lg-6\">\n                            <p class=\"contact-top\"><strong\n                                        class=\"text-muted\">Pokli\u010di<\/strong><\/p>\n                            <p class=\"phone-lg text-dark\">+386 51 347 143<\/p>\n                            <p class=\"text-muted\"><strong class=\"text-dark\">Delovni \u010das:<\/strong><br>\n\t\t\t\t\t\t\t\tPon. - Pet. 8:00 - 16:00<br \/>\nSob., Ned., prazniki, ZAPRTO<\/p>\n                            <div class=\"text-muted\"><strong\n                                        class=\"text-dark\">Sledi mi<\/strong><br>\n                                <div class=\"contact-social social-list\">\n\n\t\t\t\t\t\t\t\t\t                                            <a href=\"https:\/\/www.linkedin.com\/in\/rok-bo\u017ei\u010d-rbstudio\" class=\"icon  icon ion-social-linkedin\"><\/a>\n\t\t\t\t\t\t\t\t\t\t                                            <a href=\"https:\/\/www.facebook.com\" class=\"icon fa fa-facebook-square\"><\/a>\n\t\t\t\t\t\t\t\t\t\t                                            <a href=\"https:\/\/www.instagram.com\" class=\"icon fa fa-instagram\"><\/a>\n\t\t\t\t\t\t\t\t\t\t                                <\/div>\n                            <\/div>\n                        <\/div>\n                    <\/div>\n                <\/div>\n            <\/div>\n        <\/div>\n    <\/section>\n\n\n\t    <section\n            class=\"section-message section \"  >\n        <div class=\"container\">\n            <div class=\"row\">\n                <div class=\"col-md-3\">\n                    <div class=\"section-info\">\n                        <div class=\"title-hr\"><\/div>\n                        <div class=\"info-title\">Potrebuje\u0161 pomo\u010d, nasvet, svetovanje?<\/div>\n                    <\/div>\n                <\/div>\n                <div class=\"col-md-9\">\n\t\t\t\t\t\n\t\t\t\t\t\t\n<div class=\"wpcf7 no-js\" id=\"wpcf7-f966-o1\" lang=\"sl-SI\" dir=\"ltr\" data-wpcf7-id=\"966\">\n<div class=\"screen-reader-response\"><p role=\"status\" aria-live=\"polite\" aria-atomic=\"true\"><\/p> <ul><\/ul><\/div>\n<form action=\"\/sl\/wp-json\/wp\/v2\/pages\/155#wpcf7-f966-o1\" method=\"post\" class=\"wpcf7-form init\" aria-label=\"Contact form\" novalidate=\"novalidate\" data-status=\"init\">\n<fieldset class=\"hidden-fields-container\"><input type=\"hidden\" name=\"_wpcf7\" value=\"966\" \/><input type=\"hidden\" name=\"_wpcf7_version\" value=\"6.1.5\" \/><input type=\"hidden\" name=\"_wpcf7_locale\" value=\"sl_SI\" \/><input type=\"hidden\" name=\"_wpcf7_unit_tag\" value=\"wpcf7-f966-o1\" \/><input type=\"hidden\" name=\"_wpcf7_container_post\" value=\"0\" \/><input type=\"hidden\" name=\"_wpcf7_posted_data_hash\" value=\"\" \/>\n<\/fieldset>\n<p><label> Tvoje ime<br \/>\n<span class=\"wpcf7-form-control-wrap\" data-name=\"your-name\"><input size=\"40\" maxlength=\"400\" class=\"wpcf7-form-control wpcf7-text wpcf7-validates-as-required\" autocomplete=\"name\" aria-required=\"true\" aria-invalid=\"false\" value=\"\" type=\"text\" name=\"your-name\" \/><\/span> <\/label>\n<\/p>\n<p><label> Tvoja e-po\u0161ta<br \/>\n<span class=\"wpcf7-form-control-wrap\" data-name=\"your-email\"><input size=\"40\" maxlength=\"400\" class=\"wpcf7-form-control wpcf7-email wpcf7-validates-as-required wpcf7-text wpcf7-validates-as-email\" autocomplete=\"email\" aria-required=\"true\" aria-invalid=\"false\" value=\"\" type=\"email\" name=\"your-email\" \/><\/span> <\/label>\n<\/p>\n<p><label> Zadeva<br \/>\n<span class=\"wpcf7-form-control-wrap\" data-name=\"your-subject\"><input size=\"40\" maxlength=\"400\" class=\"wpcf7-form-control wpcf7-text wpcf7-validates-as-required\" aria-required=\"true\" aria-invalid=\"false\" value=\"\" type=\"text\" name=\"your-subject\" \/><\/span> <\/label>\n<\/p>\n<p><label> Tvoje sporo\u010dilo (neobvezno)<br \/>\n<span class=\"wpcf7-form-control-wrap\" data-name=\"your-message\"><textarea cols=\"40\" rows=\"10\" maxlength=\"2000\" class=\"wpcf7-form-control wpcf7-textarea\" aria-invalid=\"false\" name=\"your-message\"><\/textarea><\/span> <\/label>\n<\/p>\n<p><input class=\"wpcf7-form-control wpcf7-submit has-spinner\" type=\"submit\" value=\"Po\u0161lji\" \/>\n<\/p><div class=\"wpcf7-response-output\" aria-hidden=\"true\"><\/div>\n<\/form>\n<\/div>\n\t\t\t\t\t                <\/div>\n            <\/div>\n        <\/div>\n    <\/section>\n\n\n\t<\/div><\/div><\/div><\/div>\n<\/div>","protected":false},"excerpt":{"rendered":"Kontakt Stopi v stik Ljubljana, Slovenija Ulica Ivane Kobilce 5, 1000 Ljubljana Email: info@rbstudio.si Naziv podjetja:RB STUDIORok Bo\u017ei\u010d s.p.Ulica Ivane Kobilce 51000 Ljubljanad.\u0161.: 20034679 Pokli\u010di +386 51 347 143 Delovni \u010das: Pon. - Pet. 8:00 - 16:00 Sob., Ned., prazniki, ZAPRTO Sledi mi Potrebuje\u0161 pomo\u010d, nasvet, svetovanje? Tvoje ime Tvoja e-po\u0161ta Zadeva Tvoje sporo\u010dilo (neobvezno)","protected":false},"author":1,"featured_media":0,"parent":0,"menu_order":0,"comment_status":"closed","ping_status":"closed","template":"template-contacts.php","meta":{"_monsterinsights_skip_tracking":false,"_monsterinsights_sitenote_active":false,"_monsterinsights_sitenote_note":"","_monsterinsights_sitenote_category":0,"footnotes":""},"class_list":["post-155","page","type-page","status-publish","hentry"],"yoast_head":"<!-- This site is optimized with the Yoast SEO plugin v27.4 - https:\/\/yoast.com\/product\/yoast-seo-wordpress\/ -->\n<title>RB studio | Kontakt<\/title>\n<meta name=\"description\" content=\"Ne odla\u0161aj in me pokli\u010di ali mi pi\u0161i! Podatke lahko najde\u0161 v zavihku Kontakt.\" \/>\n<meta name=\"robots\" content=\"index, follow, max-snippet:-1, max-image-preview:large, max-video-preview:-1\" \/>\n<link rel=\"canonical\" href=\"https:\/\/www.rbstudio.si\/sl\/kontakt\/\" \/>\n<meta property=\"og:locale\" content=\"sl_SI\" \/>\n<meta property=\"og:type\" content=\"article\" \/>\n<meta property=\"og:title\" content=\"RB studio | Kontakt\" \/>\n<meta property=\"og:description\" content=\"Ne odla\u0161aj in me pokli\u010di ali mi pi\u0161i! Podatke lahko najde\u0161 v zavihku Kontakt.\" \/>\n<meta property=\"og:url\" content=\"https:\/\/www.rbstudio.si\/sl\/kontakt\/\" \/>\n<meta property=\"og:site_name\" content=\"RB studio\" \/>\n<meta property=\"article:modified_time\" content=\"2023-09-13T11:50:45+00:00\" \/>\n<meta name=\"twitter:card\" content=\"summary_large_image\" \/>\n<meta name=\"twitter:label1\" content=\"Est. reading time\" \/>\n\t<meta name=\"twitter:data1\" content=\"1 minuta\" \/>\n<script type=\"application\/ld+json\" class=\"yoast-schema-graph\">{\"@context\":\"https:\\\/\\\/schema.org\",\"@graph\":[{\"@type\":\"WebPage\",\"@id\":\"https:\\\/\\\/www.rbstudio.si\\\/kontakt\\\/\",\"url\":\"https:\\\/\\\/www.rbstudio.si\\\/kontakt\\\/\",\"name\":\"RB studio | Kontakt\",\"isPartOf\":{\"@id\":\"https:\\\/\\\/www.rbstudio.si\\\/#website\"},\"datePublished\":\"2017-04-19T05:58:39+00:00\",\"dateModified\":\"2023-09-13T11:50:45+00:00\",\"description\":\"Ne odla\u0161aj in me pokli\u010di ali mi pi\u0161i! Podatke lahko najde\u0161 v zavihku Kontakt.\",\"breadcrumb\":{\"@id\":\"https:\\\/\\\/www.rbstudio.si\\\/kontakt\\\/#breadcrumb\"},\"inLanguage\":\"sl-SI\",\"potentialAction\":[{\"@type\":\"ReadAction\",\"target\":[\"https:\\\/\\\/www.rbstudio.si\\\/kontakt\\\/\"]}]},{\"@type\":\"BreadcrumbList\",\"@id\":\"https:\\\/\\\/www.rbstudio.si\\\/kontakt\\\/#breadcrumb\",\"itemListElement\":[{\"@type\":\"ListItem\",\"position\":1,\"name\":\"Home\",\"item\":\"https:\\\/\\\/www.rbstudio.si\\\/\"},{\"@type\":\"ListItem\",\"position\":2,\"name\":\"Kontakt\"}]},{\"@type\":\"WebSite\",\"@id\":\"https:\\\/\\\/www.rbstudio.si\\\/#website\",\"url\":\"https:\\\/\\\/www.rbstudio.si\\\/\",\"name\":\"RB studio\",\"description\":\"\",\"publisher\":{\"@id\":\"https:\\\/\\\/www.rbstudio.si\\\/#organization\"},\"potentialAction\":[{\"@type\":\"SearchAction\",\"target\":{\"@type\":\"EntryPoint\",\"urlTemplate\":\"https:\\\/\\\/www.rbstudio.si\\\/?s={search_term_string}\"},\"query-input\":{\"@type\":\"PropertyValueSpecification\",\"valueRequired\":true,\"valueName\":\"search_term_string\"}}],\"inLanguage\":\"sl-SI\"},{\"@type\":\"Organization\",\"@id\":\"https:\\\/\\\/www.rbstudio.si\\\/#organization\",\"name\":\"RB studio\",\"url\":\"https:\\\/\\\/www.rbstudio.si\\\/\",\"logo\":{\"@type\":\"ImageObject\",\"inLanguage\":\"sl-SI\",\"@id\":\"https:\\\/\\\/www.rbstudio.si\\\/#\\\/schema\\\/logo\\\/image\\\/\",\"url\":\"https:\\\/\\\/rbstudio.si.rsmt.si\\\/wp-content\\\/uploads\\\/2023\\\/01\\\/RB-studio_black.png\",\"contentUrl\":\"https:\\\/\\\/rbstudio.si.rsmt.si\\\/wp-content\\\/uploads\\\/2023\\\/01\\\/RB-studio_black.png\",\"width\":512,\"height\":512,\"caption\":\"RB studio\"},\"image\":{\"@id\":\"https:\\\/\\\/www.rbstudio.si\\\/#\\\/schema\\\/logo\\\/image\\\/\"},\"sameAs\":[\"https:\\\/\\\/www.linkedin.com\\\/in\\\/rok-boi-rbstudio\"]}]}<\/script>\n<!-- \/ Yoast SEO plugin. -->","yoast_head_json":{"title":"RB studio | Kontakt","description":"Ne odla\u0161aj in me pokli\u010di ali mi pi\u0161i! Podatke lahko najde\u0161 v zavihku Kontakt.","robots":{"index":"index","follow":"follow","max-snippet":"max-snippet:-1","max-image-preview":"max-image-preview:large","max-video-preview":"max-video-preview:-1"},"canonical":"https:\/\/www.rbstudio.si\/sl\/kontakt\/","og_locale":"sl_SI","og_type":"article","og_title":"RB studio | Kontakt","og_description":"Ne odla\u0161aj in me pokli\u010di ali mi pi\u0161i! Podatke lahko najde\u0161 v zavihku Kontakt.","og_url":"https:\/\/www.rbstudio.si\/sl\/kontakt\/","og_site_name":"RB studio","article_modified_time":"2023-09-13T11:50:45+00:00","twitter_card":"summary_large_image","twitter_misc":{"Est. reading time":"1 minuta"},"schema":{"@context":"https:\/\/schema.org","@graph":[{"@type":"WebPage","@id":"https:\/\/www.rbstudio.si\/kontakt\/","url":"https:\/\/www.rbstudio.si\/kontakt\/","name":"RB studio | Kontakt","isPartOf":{"@id":"https:\/\/www.rbstudio.si\/#website"},"datePublished":"2017-04-19T05:58:39+00:00","dateModified":"2023-09-13T11:50:45+00:00","description":"Ne odla\u0161aj in me pokli\u010di ali mi pi\u0161i! Podatke lahko najde\u0161 v zavihku Kontakt.","breadcrumb":{"@id":"https:\/\/www.rbstudio.si\/kontakt\/#breadcrumb"},"inLanguage":"sl-SI","potentialAction":[{"@type":"ReadAction","target":["https:\/\/www.rbstudio.si\/kontakt\/"]}]},{"@type":"BreadcrumbList","@id":"https:\/\/www.rbstudio.si\/kontakt\/#breadcrumb","itemListElement":[{"@type":"ListItem","position":1,"name":"Home","item":"https:\/\/www.rbstudio.si\/"},{"@type":"ListItem","position":2,"name":"Kontakt"}]},{"@type":"WebSite","@id":"https:\/\/www.rbstudio.si\/#website","url":"https:\/\/www.rbstudio.si\/","name":"RB studio","description":"","publisher":{"@id":"https:\/\/www.rbstudio.si\/#organization"},"potentialAction":[{"@type":"SearchAction","target":{"@type":"EntryPoint","urlTemplate":"https:\/\/www.rbstudio.si\/?s={search_term_string}"},"query-input":{"@type":"PropertyValueSpecification","valueRequired":true,"valueName":"search_term_string"}}],"inLanguage":"sl-SI"},{"@type":"Organization","@id":"https:\/\/www.rbstudio.si\/#organization","name":"RB studio","url":"https:\/\/www.rbstudio.si\/","logo":{"@type":"ImageObject","inLanguage":"sl-SI","@id":"https:\/\/www.rbstudio.si\/#\/schema\/logo\/image\/","url":"https:\/\/rbstudio.si.rsmt.si\/wp-content\/uploads\/2023\/01\/RB-studio_black.png","contentUrl":"https:\/\/rbstudio.si.rsmt.si\/wp-content\/uploads\/2023\/01\/RB-studio_black.png","width":512,"height":512,"caption":"RB studio"},"image":{"@id":"https:\/\/www.rbstudio.si\/#\/schema\/logo\/image\/"},"sameAs":["https:\/\/www.linkedin.com\/in\/rok-boi-rbstudio"]}]}},"_links":{"self":[{"href":"https:\/\/www.rbstudio.si\/sl\/wp-json\/wp\/v2\/pages\/155","targetHints":{"allow":["GET"]}}],"collection":[{"href":"https:\/\/www.rbstudio.si\/sl\/wp-json\/wp\/v2\/pages"}],"about":[{"href":"https:\/\/www.rbstudio.si\/sl\/wp-json\/wp\/v2\/types\/page"}],"author":[{"embeddable":true,"href":"https:\/\/www.rbstudio.si\/sl\/wp-json\/wp\/v2\/users\/1"}],"replies":[{"embeddable":true,"href":"https:\/\/www.rbstudio.si\/sl\/wp-json\/wp\/v2\/comments?post=155"}],"version-history":[{"count":64,"href":"https:\/\/www.rbstudio.si\/sl\/wp-json\/wp\/v2\/pages\/155\/revisions"}],"predecessor-version":[{"id":1674,"href":"https:\/\/www.rbstudio.si\/sl\/wp-json\/wp\/v2\/pages\/155\/revisions\/1674"}],"wp:attachment":[{"href":"https:\/\/www.rbstudio.si\/sl\/wp-json\/wp\/v2\/media?parent=155"}],"curies":[{"name":"wp","href":"https:\/\/api.w.org\/{rel}","templated":true}]}}