{"id":126,"date":"2017-04-18T09:59:20","date_gmt":"2017-04-18T09:59:20","guid":{"rendered":"https:\/\/www.rbstudio.si\/?page_id=126"},"modified":"2023-03-17T14:02:05","modified_gmt":"2023-03-17T13:02:05","slug":"o-meni","status":"publish","type":"page","link":"https:\/\/www.rbstudio.si\/sl\/o-meni\/","title":{"rendered":"O meni"},"content":{"rendered":"<div class=\"wpb-content-wrapper\"><div class=\"vc_row wpb_row vc_row-fluid\"><div class=\"wpb_column vc_column_container vc_col-sm-12\"><div class=\"vc_column-inner\"><div class=\"wpb_wrapper\">\n\n    <main\n            class=\"page-header-3 \"  >\n        <div class=\"container\">\n            <div class=\"row\">\n                <div class=\"col-md-3\">\n                    <div class=\"title-hr\"><\/div>\n                <\/div>\n                <div class=\"col-md-8 col-lg-6\"><h1>O meni<\/h1><\/div>\n            <\/div>\n        <\/div>\n    <\/main>\n\t\n\n    <div class=\"content-entry-image vc_custom_1674566355993 \"  ><\/div>\n\n\t\n\n    <section\n            class=\"section about-info   \"  >\n        <div class=\"container\">\n            <div class=\"row\">\n                <div class=\"col-md-3\">\n                    <div class=\"section-info\">\n                        <div class=\"title-hr\"><\/div>\n                        <div class=\"info-title\">Na kratko o meni.<\/div>\n                    <\/div>\n                <\/div>\n                <div class=\"col-md-9\">\n                    <div class=\"text-display-1\">\n                        <p>\n\t\t\t\t\t\t\t<\/p>\n<p style=\"text-align: left;\"><strong class=\"text-dark\">\u017divjo, ime mi je Rok.<br \/>\n<\/strong><\/p>\n<p style=\"text-align: left;\">Sem ambiciozen, ustvarjalen in komunikativen. U\u017eivam v oblikovanju manj\u0161ih prostorov, ker zame pomenijo ve\u010dji izziv. \u010cas izven delavnika rad pre\u017eivim zunaj z mojo \u017eeno Majo in najinima otro\u010dkoma Otom in \u017dano. Rad kuham in u\u017eivam v tem, \u010de le imam \u010das.<\/p>\n<p style=\"text-align: left;\">\u010ce potrebuje\u0161 prostorsko re\u0161itev interierja, oblikovanje POS (point of sale) stojal ali samo nasvet potem si na pravem mestu!<\/p>\n<p style=\"text-align: left;\">Na spletni strani lahko najde\u0161 <a href=\"https:\/\/www.rbstudio.si\/projekti\/\"><span style=\"color: #000000;\"><strong>moje delo<\/strong><\/span><\/a>, ki se je nabralo v nekaj letih ustvarjanja.<\/p>\n<p style=\"text-align: left;\">Vabim te, da stopi\u0161 v <span style=\"color: #000000;\"><a style=\"color: #000000;\" href=\"https:\/\/www.rbstudio.si\/kontakt\/\"><strong>Kontakt<\/strong><\/a><\/span> z menoj.<\/p>\n<p style=\"text-align: right;\">Rok Bo\u017ei\u010d<\/p>\n<p><img loading=\"lazy\" decoding=\"async\" class=\"alignright wp-image-1393\" src=\"https:\/\/www.rbstudio.si\/wp-content\/uploads\/2023\/01\/podpis-300x300.png\" alt=\"podpis\" width=\"90\" height=\"90\" srcset=\"https:\/\/www.rbstudio.si\/wp-content\/uploads\/2023\/01\/podpis-300x300.png 300w, https:\/\/www.rbstudio.si\/wp-content\/uploads\/2023\/01\/podpis-150x150.png 150w, https:\/\/www.rbstudio.si\/wp-content\/uploads\/2023\/01\/podpis-370x370.png 370w, https:\/\/www.rbstudio.si\/wp-content\/uploads\/2023\/01\/podpis.png 400w\" sizes=\"auto, (max-width: 90px) 100vw, 90px\" \/>\n\n                    <\/div>\n                <\/div>\n            <\/div>\n        <\/div>\n    <\/section>\n\n\t<\/div><\/div><\/div><\/div>\n<\/div>","protected":false},"excerpt":{"rendered":"O meni Na kratko o meni. \u017divjo, ime mi je Rok. Sem ambiciozen, ustvarjalen in komunikativen. U\u017eivam v oblikovanju manj\u0161ih prostorov, ker zame pomenijo ve\u010dji izziv. \u010cas izven delavnika rad pre\u017eivim zunaj z mojo \u017eeno Majo in najinima otro\u010dkoma Otom in \u017dano. Rad kuham in u\u017eivam v tem, \u010de le imam \u010das. \u010ce potrebuje\u0161 prostorsko [...]","protected":false},"author":1,"featured_media":0,"parent":0,"menu_order":0,"comment_status":"closed","ping_status":"closed","template":"template-contacts.php","meta":{"_monsterinsights_skip_tracking":false,"_monsterinsights_sitenote_active":false,"_monsterinsights_sitenote_note":"","_monsterinsights_sitenote_category":0,"footnotes":""},"class_list":["post-126","page","type-page","status-publish","hentry"],"yoast_head":"<!-- This site is optimized with the Yoast SEO plugin v27.4 - https:\/\/yoast.com\/product\/yoast-seo-wordpress\/ -->\n<title>RB studio | O meni<\/title>\n<meta name=\"description\" content=\"Sem ambiciozen, ustvarjalen in komunikativen. U\u017eivam v oblikovanju manj\u0161ih prostorov, ker zame pomenijo ve\u010dji izziv.\" \/>\n<meta name=\"robots\" content=\"index, follow, max-snippet:-1, max-image-preview:large, max-video-preview:-1\" \/>\n<link rel=\"canonical\" href=\"https:\/\/www.rbstudio.si\/sl\/o-meni\/\" \/>\n<meta property=\"og:locale\" content=\"sl_SI\" \/>\n<meta property=\"og:type\" content=\"article\" \/>\n<meta property=\"og:title\" content=\"RB studio | O meni\" \/>\n<meta property=\"og:description\" content=\"Sem ambiciozen, ustvarjalen in komunikativen. U\u017eivam v oblikovanju manj\u0161ih prostorov, ker zame pomenijo ve\u010dji izziv.\" \/>\n<meta property=\"og:url\" content=\"https:\/\/www.rbstudio.si\/sl\/o-meni\/\" \/>\n<meta property=\"og:site_name\" content=\"RB studio\" \/>\n<meta property=\"article:modified_time\" content=\"2023-03-17T13:02:05+00:00\" \/>\n<meta property=\"og:image\" content=\"https:\/\/www.rbstudio.si\/wp-content\/uploads\/2023\/01\/podpis-300x300.png\" \/>\n<meta name=\"twitter:card\" content=\"summary_large_image\" \/>\n<meta name=\"twitter:label1\" content=\"Est. reading time\" \/>\n\t<meta name=\"twitter:data1\" content=\"1 minuta\" \/>\n<script type=\"application\/ld+json\" class=\"yoast-schema-graph\">{\"@context\":\"https:\\\/\\\/schema.org\",\"@graph\":[{\"@type\":\"WebPage\",\"@id\":\"https:\\\/\\\/www.rbstudio.si\\\/o-meni\\\/\",\"url\":\"https:\\\/\\\/www.rbstudio.si\\\/o-meni\\\/\",\"name\":\"RB studio | O meni\",\"isPartOf\":{\"@id\":\"https:\\\/\\\/www.rbstudio.si\\\/#website\"},\"primaryImageOfPage\":{\"@id\":\"https:\\\/\\\/www.rbstudio.si\\\/o-meni\\\/#primaryimage\"},\"image\":{\"@id\":\"https:\\\/\\\/www.rbstudio.si\\\/o-meni\\\/#primaryimage\"},\"thumbnailUrl\":\"https:\\\/\\\/www.rbstudio.si\\\/wp-content\\\/uploads\\\/2023\\\/01\\\/podpis-300x300.png\",\"datePublished\":\"2017-04-18T09:59:20+00:00\",\"dateModified\":\"2023-03-17T13:02:05+00:00\",\"description\":\"Sem ambiciozen, ustvarjalen in komunikativen. U\u017eivam v oblikovanju manj\u0161ih prostorov, ker zame pomenijo ve\u010dji izziv.\",\"breadcrumb\":{\"@id\":\"https:\\\/\\\/www.rbstudio.si\\\/o-meni\\\/#breadcrumb\"},\"inLanguage\":\"sl-SI\",\"potentialAction\":[{\"@type\":\"ReadAction\",\"target\":[\"https:\\\/\\\/www.rbstudio.si\\\/o-meni\\\/\"]}]},{\"@type\":\"ImageObject\",\"inLanguage\":\"sl-SI\",\"@id\":\"https:\\\/\\\/www.rbstudio.si\\\/o-meni\\\/#primaryimage\",\"url\":\"https:\\\/\\\/www.rbstudio.si\\\/wp-content\\\/uploads\\\/2023\\\/01\\\/podpis-300x300.png\",\"contentUrl\":\"https:\\\/\\\/www.rbstudio.si\\\/wp-content\\\/uploads\\\/2023\\\/01\\\/podpis-300x300.png\"},{\"@type\":\"BreadcrumbList\",\"@id\":\"https:\\\/\\\/www.rbstudio.si\\\/o-meni\\\/#breadcrumb\",\"itemListElement\":[{\"@type\":\"ListItem\",\"position\":1,\"name\":\"Home\",\"item\":\"https:\\\/\\\/www.rbstudio.si\\\/\"},{\"@type\":\"ListItem\",\"position\":2,\"name\":\"O meni\"}]},{\"@type\":\"WebSite\",\"@id\":\"https:\\\/\\\/www.rbstudio.si\\\/#website\",\"url\":\"https:\\\/\\\/www.rbstudio.si\\\/\",\"name\":\"RB studio\",\"description\":\"\",\"publisher\":{\"@id\":\"https:\\\/\\\/www.rbstudio.si\\\/#organization\"},\"potentialAction\":[{\"@type\":\"SearchAction\",\"target\":{\"@type\":\"EntryPoint\",\"urlTemplate\":\"https:\\\/\\\/www.rbstudio.si\\\/?s={search_term_string}\"},\"query-input\":{\"@type\":\"PropertyValueSpecification\",\"valueRequired\":true,\"valueName\":\"search_term_string\"}}],\"inLanguage\":\"sl-SI\"},{\"@type\":\"Organization\",\"@id\":\"https:\\\/\\\/www.rbstudio.si\\\/#organization\",\"name\":\"RB studio\",\"url\":\"https:\\\/\\\/www.rbstudio.si\\\/\",\"logo\":{\"@type\":\"ImageObject\",\"inLanguage\":\"sl-SI\",\"@id\":\"https:\\\/\\\/www.rbstudio.si\\\/#\\\/schema\\\/logo\\\/image\\\/\",\"url\":\"https:\\\/\\\/rbstudio.si.rsmt.si\\\/wp-content\\\/uploads\\\/2023\\\/01\\\/RB-studio_black.png\",\"contentUrl\":\"https:\\\/\\\/rbstudio.si.rsmt.si\\\/wp-content\\\/uploads\\\/2023\\\/01\\\/RB-studio_black.png\",\"width\":512,\"height\":512,\"caption\":\"RB studio\"},\"image\":{\"@id\":\"https:\\\/\\\/www.rbstudio.si\\\/#\\\/schema\\\/logo\\\/image\\\/\"},\"sameAs\":[\"https:\\\/\\\/www.linkedin.com\\\/in\\\/rok-boi-rbstudio\"]}]}<\/script>\n<!-- \/ Yoast SEO plugin. -->","yoast_head_json":{"title":"RB studio | O meni","description":"Sem ambiciozen, ustvarjalen in komunikativen. U\u017eivam v oblikovanju manj\u0161ih prostorov, ker zame pomenijo ve\u010dji izziv.","robots":{"index":"index","follow":"follow","max-snippet":"max-snippet:-1","max-image-preview":"max-image-preview:large","max-video-preview":"max-video-preview:-1"},"canonical":"https:\/\/www.rbstudio.si\/sl\/o-meni\/","og_locale":"sl_SI","og_type":"article","og_title":"RB studio | O meni","og_description":"Sem ambiciozen, ustvarjalen in komunikativen. U\u017eivam v oblikovanju manj\u0161ih prostorov, ker zame pomenijo ve\u010dji izziv.","og_url":"https:\/\/www.rbstudio.si\/sl\/o-meni\/","og_site_name":"RB studio","article_modified_time":"2023-03-17T13:02:05+00:00","og_image":[{"url":"https:\/\/www.rbstudio.si\/wp-content\/uploads\/2023\/01\/podpis-300x300.png","type":"","width":"","height":""}],"twitter_card":"summary_large_image","twitter_misc":{"Est. reading time":"1 minuta"},"schema":{"@context":"https:\/\/schema.org","@graph":[{"@type":"WebPage","@id":"https:\/\/www.rbstudio.si\/o-meni\/","url":"https:\/\/www.rbstudio.si\/o-meni\/","name":"RB studio | O meni","isPartOf":{"@id":"https:\/\/www.rbstudio.si\/#website"},"primaryImageOfPage":{"@id":"https:\/\/www.rbstudio.si\/o-meni\/#primaryimage"},"image":{"@id":"https:\/\/www.rbstudio.si\/o-meni\/#primaryimage"},"thumbnailUrl":"https:\/\/www.rbstudio.si\/wp-content\/uploads\/2023\/01\/podpis-300x300.png","datePublished":"2017-04-18T09:59:20+00:00","dateModified":"2023-03-17T13:02:05+00:00","description":"Sem ambiciozen, ustvarjalen in komunikativen. U\u017eivam v oblikovanju manj\u0161ih prostorov, ker zame pomenijo ve\u010dji izziv.","breadcrumb":{"@id":"https:\/\/www.rbstudio.si\/o-meni\/#breadcrumb"},"inLanguage":"sl-SI","potentialAction":[{"@type":"ReadAction","target":["https:\/\/www.rbstudio.si\/o-meni\/"]}]},{"@type":"ImageObject","inLanguage":"sl-SI","@id":"https:\/\/www.rbstudio.si\/o-meni\/#primaryimage","url":"https:\/\/www.rbstudio.si\/wp-content\/uploads\/2023\/01\/podpis-300x300.png","contentUrl":"https:\/\/www.rbstudio.si\/wp-content\/uploads\/2023\/01\/podpis-300x300.png"},{"@type":"BreadcrumbList","@id":"https:\/\/www.rbstudio.si\/o-meni\/#breadcrumb","itemListElement":[{"@type":"ListItem","position":1,"name":"Home","item":"https:\/\/www.rbstudio.si\/"},{"@type":"ListItem","position":2,"name":"O meni"}]},{"@type":"WebSite","@id":"https:\/\/www.rbstudio.si\/#website","url":"https:\/\/www.rbstudio.si\/","name":"RB studio","description":"","publisher":{"@id":"https:\/\/www.rbstudio.si\/#organization"},"potentialAction":[{"@type":"SearchAction","target":{"@type":"EntryPoint","urlTemplate":"https:\/\/www.rbstudio.si\/?s={search_term_string}"},"query-input":{"@type":"PropertyValueSpecification","valueRequired":true,"valueName":"search_term_string"}}],"inLanguage":"sl-SI"},{"@type":"Organization","@id":"https:\/\/www.rbstudio.si\/#organization","name":"RB studio","url":"https:\/\/www.rbstudio.si\/","logo":{"@type":"ImageObject","inLanguage":"sl-SI","@id":"https:\/\/www.rbstudio.si\/#\/schema\/logo\/image\/","url":"https:\/\/rbstudio.si.rsmt.si\/wp-content\/uploads\/2023\/01\/RB-studio_black.png","contentUrl":"https:\/\/rbstudio.si.rsmt.si\/wp-content\/uploads\/2023\/01\/RB-studio_black.png","width":512,"height":512,"caption":"RB studio"},"image":{"@id":"https:\/\/www.rbstudio.si\/#\/schema\/logo\/image\/"},"sameAs":["https:\/\/www.linkedin.com\/in\/rok-boi-rbstudio"]}]}},"_links":{"self":[{"href":"https:\/\/www.rbstudio.si\/sl\/wp-json\/wp\/v2\/pages\/126","targetHints":{"allow":["GET"]}}],"collection":[{"href":"https:\/\/www.rbstudio.si\/sl\/wp-json\/wp\/v2\/pages"}],"about":[{"href":"https:\/\/www.rbstudio.si\/sl\/wp-json\/wp\/v2\/types\/page"}],"author":[{"embeddable":true,"href":"https:\/\/www.rbstudio.si\/sl\/wp-json\/wp\/v2\/users\/1"}],"replies":[{"embeddable":true,"href":"https:\/\/www.rbstudio.si\/sl\/wp-json\/wp\/v2\/comments?post=126"}],"version-history":[{"count":50,"href":"https:\/\/www.rbstudio.si\/sl\/wp-json\/wp\/v2\/pages\/126\/revisions"}],"predecessor-version":[{"id":1595,"href":"https:\/\/www.rbstudio.si\/sl\/wp-json\/wp\/v2\/pages\/126\/revisions\/1595"}],"wp:attachment":[{"href":"https:\/\/www.rbstudio.si\/sl\/wp-json\/wp\/v2\/media?parent=126"}],"curies":[{"name":"wp","href":"https:\/\/api.w.org\/{rel}","templated":true}]}}