{"id":1011,"date":"2023-01-12T09:20:32","date_gmt":"2023-01-12T08:20:32","guid":{"rendered":"https:\/\/www.rbstudio.si\/?page_id=1011"},"modified":"2023-02-19T13:02:59","modified_gmt":"2023-02-19T12:02:59","slug":"storitve","status":"publish","type":"page","link":"https:\/\/www.rbstudio.si\/sl\/storitve\/","title":{"rendered":"Storitve"},"content":{"rendered":"<div class=\"wpb-content-wrapper\"><div class=\"vc_row wpb_row vc_row-fluid\"><div class=\"wpb_column vc_column_container vc_col-sm-12\"><div class=\"vc_column-inner\"><div class=\"wpb_wrapper\">\n\n    <main\n            class=\"page-header-3 \"  >\n        <div class=\"container\">\n            <div class=\"row\">\n                <div class=\"col-md-3\">\n                    <div class=\"title-hr\"><\/div>\n                <\/div>\n                <div class=\"col-md-8 col-lg-6\"><h1>Storitve<\/h1><\/div>\n            <\/div>\n        <\/div>\n    <\/main>\n\t\n\n    <div class=\"content-entry-image vc_custom_1675937662390 \"  ><\/div>\n\n\t\n\n    <section\n            class=\"section bg-dots  \"  >\n        <div class=\"container\">\n            <div class=\"row\">\n                <div class=\"col-md-3\">\n                    <div class=\"section-info\">\n                        <div class=\"title-hr\"><\/div>\n                        <div class=\"info-title\">storitve<\/div>\n                    <\/div>\n                <\/div>\n                <div class=\"col-md-9\">\n                    <div class=\"row-services row\">\n\t\t\t\t\t\t\n                                <div class=\"col-service col-sm-6 col-lg-4\">\n\t\t\t\t\t\t\t\t\t<span class=\"text-dark  icon-medium icon-pencil-ruler  \"><\/span>\n                                    <h4>Priprava dokumentacije<\/h4>\n                                    <p>-Idejna zasnova<br \/>\n-Vizualizacije<br \/>\n-Detajlni na\u010drti<br \/>\n-Popisi del <br \/><\/p>\n                                <\/div>\n\n\t\t\t\t\t\t\t\n                                <div class=\"col-service col-sm-6 col-lg-4\">\n\t\t\t\t\t\t\t\t\t<span class=\"text-dark  fa-big fa fa-refresh  \"><\/span>\n                                    <h4>Razvoj POS (Point Of Sale) stojal<\/h4>\n                                    <p>Storitev obsega razvoj razli\u010dno velikih POS stojal za najrazli\u010dnej\u0161e produkte. Od ideje do izvedbe in aplikacije v trgovino.<\/p>\n                                <\/div>\n\n\t\t\t\t\t\t\t\n                                <div class=\"col-service col-sm-6 col-lg-4\">\n\t\t\t\t\t\t\t\t\t<span class=\"text-dark  icon-medium icon ion-android-people  \"><\/span>\n                                    <h4>Sodelovanje z izvajalci<\/h4>\n                                    <p>Imam \u0161irok nabor mizarjev, gradbenikov, elektri\u010darjev, vodoin\u0161talaterjev.<\/p>\n                                <\/div>\n\n\t\t\t\t\t\t\t\n                                <div class=\"col-service col-sm-6 col-lg-4\">\n\t\t\t\t\t\t\t\t\t<span class=\"text-dark  icon-medium icon ion-cube  \"><\/span>\n                                    <h4>Prostorsko svetovanje<\/h4>\n                                    <p>\u010ce nisi prepri\u010dan v poseg in \u017eeli\u0161 samo preveriti tvojo idejo, sem na razpolago.<\/p>\n                                <\/div>\n\n\t\t\t\t\t\t\t\n\n                    <\/div>\n                <\/div>\n            <\/div>\n            <section class=\"section pb-0\">\n                <div class=\"row\">\n\t\t\t\t\t                <\/div>\n            <\/section>\n        <\/div>\n    <\/section>\n\t<style>\n\t\t.fa-big{\n\t\t\tfont-size: 4.2rem;\n\t\t}\n\n\t<\/style>\n\t\n\n    <section\n            class=\"section bg-dots  \"  >\n        <div class=\"container\">\n            <div class=\"row\">\n                <div class=\"col-md-3\">\n                    <div class=\"section-info\">\n                        <div class=\"title-hr\"><\/div>\n                        <div class=\"info-title\">Potek dela<\/div>\n                    <\/div>\n                <\/div>\n                <div class=\"col-md-9\">\n                    <div class=\"row-services row\">\n\t\t\t\t\t\t\n                                <div class=\"col-service col-sm-6 col-lg-4\">\n\t\t\t\t\t\t\t\t\t<span class=\"text-dark  icon-medium icon ion-android-contacts  \"><\/span>\n                                    <h4>1. Uvodni sestanek<\/h4>\n                                    <p>Po kontaktiranju iz strani naro\u010dnika organiziram uvodni sestanek na katerem se spoznamo. V primeru, ko predhodno pridobim tlorisne na\u010drte se na sre\u010danje lahko vnaprej pripravim. Sestanek je mo\u017eno izvesti na licu mesta, kjer \u017ee lahko opravim meritve. Za hitrej\u0161i potek dela je pomembno, da so \u017eelje in zahteve naro\u010dnika \u010dimbolj jasno opredeljene. Predno za\u010dnem z delom, pripravim ponudbo.<\/p>\n                                <\/div>\n\n\t\t\t\t\t\t\t\n                                <div class=\"col-service col-sm-6 col-lg-4\">\n\t\t\t\t\t\t\t\t\t<span class=\"text-dark  icon-medium icon ion-android-bulb  \"><\/span>\n                                    <h4>2. Idejna zasnova<\/h4>\n                                    <p>Po potrjeni ponudbi grem takoj v akcijo. V fazi idejne zasnove se osredoto\u010dim na re\u0161itev prostora v 2D, to je v tlorisu. \u010ce se obdeluje ve\u010dje (javne\/zasebne) interierje je pomembna rde\u010da nit oblikovanja in izbora materialov, ki jih predstavim v kratkem katalogu ob idejni zasnovi. Moja zaveza je, da upo\u0161tevam predhodno dogovorjene \u017eelje in zahteve naro\u010dnika in po najbolj\u0161i mo\u010di poizku\u0161am maksimalno izkoristiti prostor.<\/p>\n                                <\/div>\n\n\t\t\t\t\t\t\t\n                                <div class=\"col-service col-sm-6 col-lg-4\">\n\t\t\t\t\t\t\t\t\t<span class=\"text-dark  icon-medium icon-medium icon-apartment  \"><\/span>\n                                    <h4>3. Vizualizacije<\/h4>\n                                    <p>Ko je tloris razre\u0161en in pomeni, da smo vsi zadovoljni se lotim izdelave vizualizacij. Le te so zelo pomembne za naro\u010dnika, ker prikazujejo kako naj bi prostor izgledal v realnosti. Po izku\u0161njah se glede na nivo prostorske predstave nekateri tudi ne odlo\u010dijo in to fazo izpustijo. Je pa vsekakor priporo\u010dljivo pri tistih s slab\u0161o prostorsko predstavo. Vedno je zelo uporabno in u\u010dinkovito skiciranje, ko v fazi pripravljanja vizualizacije \u017eelim kak\u0161no stvar preveriti pri sebi ali naro\u010dniku.<\/p>\n                                <\/div>\n\n\t\t\t\t\t\t\t\n                                <div class=\"col-service col-sm-6 col-lg-4\">\n\t\t\t\t\t\t\t\t\t<span class=\"text-dark  icon-medium icon ion-android-clipboard  \"><\/span>\n                                    <h4>4. Detajlni na\u010drti<\/h4>\n                                    <p>Najbolj obse\u017een del projekta so na\u010drti za izvedbo. Ti zajemajo od na\u010drta tlakov, stropov, elektrike, kopalni\u0161kih shem, tlorisne dispozicije opreme do detajlnih na\u010drtov pohi\u0161tva (vse do merila 1:5). Pri ve\u010djih projetktih je pomemben tudi popis elementov k vsaki kategoriji na\u010drtov. Detajlni na\u010drti so pomembni za: pridobivanje natan\u010dnih ponudb izvajalcev, manj\u0161i stro\u0161ek nadzora na gradbi\u0161\u010du, natan\u010dni izra\u010dun celotne investicije. Skratka to\u010dna in ekzaktna navodila vsakemu izvajalcu posebaj kar rezultira v hitri in nemoteni izvedbi. <\/p>\n                                <\/div>\n\n\t\t\t\t\t\t\t\n                                <div class=\"col-service col-sm-6 col-lg-4\">\n\t\t\t\t\t\t\t\t\t<span class=\"text-dark  icon-medium icon-medium icon-paint-roller  \"><\/span>\n                                    <h4>5. Sodelovanje z izvajalci<\/h4>\n                                    <p>Po kon\u010danem delu za ra\u010dunalnikom sledi aplikacija narisanega v realnost. Dostikrat projektantom izvajalci o\u010ditajo, da papir prenese vse, zato je zavedanje dela projektanta klju\u010dnega pomena. Tega se seveda pri na\u010drtovanju dr\u017eim in se vsakokrat vpra\u0161am ali bi jaz kot izvajalec na\u010drte zastopil. Ko izvajalci vidijo, da se trudi\u0161 in jih tudi zastopi\u0161 se ta na\u010din na dolgi rok obrestuje z veliko na novo pridobljenega znanja in izku\u0161enj. Sam tudi rad sodelujem na gradbi\u0161\u010du, ker je delo dinami\u010dno in komunikacija z izvajalci mi ustreza.<\/p>\n                                <\/div>\n\n\t\t\t\t\t\t\t\n                                <div class=\"col-service col-sm-6 col-lg-4\">\n\t\t\t\t\t\t\t\t\t<span class=\"text-dark  fa-big fa fa-handshake-o  \"><\/span>\n                                    <h4>6. Kon\u010dni produkt<\/h4>\n                                    <p>Moje poslanstvo, izziv in cilj je, da zadovoljim \u017eelje in potrebe naro\u010dnika z mislijo na celostno oblikovno re\u0161itev. Karikirano so sodelujo\u010di v celotnem procesu kot orkester na \u010delu katerega je dirigent. \u010ce \u017eelimo vrhunsko odigrano skladbo je zato pomemben prav vsak posameznik. Ko se vse poklopi je rezultat harmoni\u010dno odigrana skladba in bu\u010den aplavz poslu\u0161alcev :).<\/p>\n                                <\/div>\n\n\t\t\t\t\t\t\t\n\n                    <\/div>\n                <\/div>\n            <\/div>\n            <section class=\"section pb-0\">\n                <div class=\"row\">\n\t\t\t\t\t                <\/div>\n            <\/section>\n        <\/div>\n    <\/section>\n\t<style>\n\t\t.fa-big{\n\t\t\tfont-size: 4.2rem;\n\t\t}\n\n\t<\/style>\n\t<\/div><\/div><\/div><\/div><div class=\"vc_row wpb_row vc_row-fluid\"><div class=\"wpb_column vc_column_container vc_col-sm-12\"><div class=\"vc_column-inner\"><div class=\"wpb_wrapper\">\n\t<div class=\"wpb_text_column wpb_content_element \" >\n\t\t<div class=\"wpb_wrapper\">\n\t\t\t\n\t\t<\/div>\n\t<\/div>\n<\/div><\/div><\/div><\/div>\n<\/div>","protected":false},"excerpt":{"rendered":"Storitve storitve Priprava dokumentacije -Idejna zasnova -Vizualizacije -Detajlni na\u010drti -Popisi del Razvoj POS (Point Of Sale) stojal Storitev obsega razvoj razli\u010dno velikih POS stojal za najrazli\u010dnej\u0161e produkte. Od ideje do izvedbe in aplikacije v trgovino. Sodelovanje z izvajalci Imam \u0161irok nabor mizarjev, gradbenikov, elektri\u010darjev, vodoin\u0161talaterjev. Prostorsko svetovanje \u010ce nisi prepri\u010dan v poseg in \u017eeli\u0161 samo [...]","protected":false},"author":3,"featured_media":0,"parent":0,"menu_order":0,"comment_status":"closed","ping_status":"closed","template":"template-contacts.php","meta":{"_monsterinsights_skip_tracking":false,"_monsterinsights_sitenote_active":false,"_monsterinsights_sitenote_note":"","_monsterinsights_sitenote_category":0,"footnotes":""},"class_list":["post-1011","page","type-page","status-publish","hentry"],"yoast_head":"<!-- This site is optimized with the Yoast SEO plugin v27.4 - https:\/\/yoast.com\/product\/yoast-seo-wordpress\/ -->\n<title>RB studio | Storitve | Idejna zasnova | Vizualizacije | Detajlni na\u010drti<\/title>\n<meta name=\"description\" content=\"Ponujam razli\u010dne storitve iz podro\u010dja notranjega oblikovanja. Idejna zasnova, Vizualizacije, Detajlni na\u010drti, Sodelovanje z izvajalci, Svetovanje, ...\" \/>\n<meta name=\"robots\" content=\"index, follow, max-snippet:-1, max-image-preview:large, max-video-preview:-1\" \/>\n<link rel=\"canonical\" href=\"https:\/\/www.rbstudio.si\/sl\/storitve\/\" \/>\n<meta property=\"og:locale\" content=\"sl_SI\" \/>\n<meta property=\"og:type\" content=\"article\" \/>\n<meta property=\"og:title\" content=\"RB studio | Storitve | Idejna zasnova | Vizualizacije | Detajlni na\u010drti\" \/>\n<meta property=\"og:description\" content=\"Ponujam razli\u010dne storitve iz podro\u010dja notranjega oblikovanja. Idejna zasnova, Vizualizacije, Detajlni na\u010drti, Sodelovanje z izvajalci, Svetovanje, ...\" \/>\n<meta property=\"og:url\" content=\"https:\/\/www.rbstudio.si\/sl\/storitve\/\" \/>\n<meta property=\"og:site_name\" content=\"RB studio\" \/>\n<meta property=\"article:modified_time\" content=\"2023-02-19T12:02:59+00:00\" \/>\n<meta name=\"twitter:card\" content=\"summary_large_image\" \/>\n<meta name=\"twitter:label1\" content=\"Est. reading time\" \/>\n\t<meta name=\"twitter:data1\" content=\"1 minuta\" \/>\n<script type=\"application\/ld+json\" class=\"yoast-schema-graph\">{\"@context\":\"https:\\\/\\\/schema.org\",\"@graph\":[{\"@type\":\"WebPage\",\"@id\":\"https:\\\/\\\/www.rbstudio.si\\\/storitve\\\/\",\"url\":\"https:\\\/\\\/www.rbstudio.si\\\/storitve\\\/\",\"name\":\"RB studio | Storitve | Idejna zasnova | Vizualizacije | Detajlni na\u010drti\",\"isPartOf\":{\"@id\":\"https:\\\/\\\/www.rbstudio.si\\\/#website\"},\"datePublished\":\"2023-01-12T08:20:32+00:00\",\"dateModified\":\"2023-02-19T12:02:59+00:00\",\"description\":\"Ponujam razli\u010dne storitve iz podro\u010dja notranjega oblikovanja. Idejna zasnova, Vizualizacije, Detajlni na\u010drti, Sodelovanje z izvajalci, Svetovanje, ...\",\"breadcrumb\":{\"@id\":\"https:\\\/\\\/www.rbstudio.si\\\/storitve\\\/#breadcrumb\"},\"inLanguage\":\"sl-SI\",\"potentialAction\":[{\"@type\":\"ReadAction\",\"target\":[\"https:\\\/\\\/www.rbstudio.si\\\/storitve\\\/\"]}]},{\"@type\":\"BreadcrumbList\",\"@id\":\"https:\\\/\\\/www.rbstudio.si\\\/storitve\\\/#breadcrumb\",\"itemListElement\":[{\"@type\":\"ListItem\",\"position\":1,\"name\":\"Home\",\"item\":\"https:\\\/\\\/www.rbstudio.si\\\/\"},{\"@type\":\"ListItem\",\"position\":2,\"name\":\"Storitve\"}]},{\"@type\":\"WebSite\",\"@id\":\"https:\\\/\\\/www.rbstudio.si\\\/#website\",\"url\":\"https:\\\/\\\/www.rbstudio.si\\\/\",\"name\":\"RB studio\",\"description\":\"\",\"publisher\":{\"@id\":\"https:\\\/\\\/www.rbstudio.si\\\/#organization\"},\"potentialAction\":[{\"@type\":\"SearchAction\",\"target\":{\"@type\":\"EntryPoint\",\"urlTemplate\":\"https:\\\/\\\/www.rbstudio.si\\\/?s={search_term_string}\"},\"query-input\":{\"@type\":\"PropertyValueSpecification\",\"valueRequired\":true,\"valueName\":\"search_term_string\"}}],\"inLanguage\":\"sl-SI\"},{\"@type\":\"Organization\",\"@id\":\"https:\\\/\\\/www.rbstudio.si\\\/#organization\",\"name\":\"RB studio\",\"url\":\"https:\\\/\\\/www.rbstudio.si\\\/\",\"logo\":{\"@type\":\"ImageObject\",\"inLanguage\":\"sl-SI\",\"@id\":\"https:\\\/\\\/www.rbstudio.si\\\/#\\\/schema\\\/logo\\\/image\\\/\",\"url\":\"https:\\\/\\\/rbstudio.si.rsmt.si\\\/wp-content\\\/uploads\\\/2023\\\/01\\\/RB-studio_black.png\",\"contentUrl\":\"https:\\\/\\\/rbstudio.si.rsmt.si\\\/wp-content\\\/uploads\\\/2023\\\/01\\\/RB-studio_black.png\",\"width\":512,\"height\":512,\"caption\":\"RB studio\"},\"image\":{\"@id\":\"https:\\\/\\\/www.rbstudio.si\\\/#\\\/schema\\\/logo\\\/image\\\/\"},\"sameAs\":[\"https:\\\/\\\/www.linkedin.com\\\/in\\\/rok-boi-rbstudio\"]}]}<\/script>\n<!-- \/ Yoast SEO plugin. -->","yoast_head_json":{"title":"RB studio | Storitve | Idejna zasnova | Vizualizacije | Detajlni na\u010drti","description":"Ponujam razli\u010dne storitve iz podro\u010dja notranjega oblikovanja. Idejna zasnova, Vizualizacije, Detajlni na\u010drti, Sodelovanje z izvajalci, Svetovanje, ...","robots":{"index":"index","follow":"follow","max-snippet":"max-snippet:-1","max-image-preview":"max-image-preview:large","max-video-preview":"max-video-preview:-1"},"canonical":"https:\/\/www.rbstudio.si\/sl\/storitve\/","og_locale":"sl_SI","og_type":"article","og_title":"RB studio | Storitve | Idejna zasnova | Vizualizacije | Detajlni na\u010drti","og_description":"Ponujam razli\u010dne storitve iz podro\u010dja notranjega oblikovanja. Idejna zasnova, Vizualizacije, Detajlni na\u010drti, Sodelovanje z izvajalci, Svetovanje, ...","og_url":"https:\/\/www.rbstudio.si\/sl\/storitve\/","og_site_name":"RB studio","article_modified_time":"2023-02-19T12:02:59+00:00","twitter_card":"summary_large_image","twitter_misc":{"Est. reading time":"1 minuta"},"schema":{"@context":"https:\/\/schema.org","@graph":[{"@type":"WebPage","@id":"https:\/\/www.rbstudio.si\/storitve\/","url":"https:\/\/www.rbstudio.si\/storitve\/","name":"RB studio | Storitve | Idejna zasnova | Vizualizacije | Detajlni na\u010drti","isPartOf":{"@id":"https:\/\/www.rbstudio.si\/#website"},"datePublished":"2023-01-12T08:20:32+00:00","dateModified":"2023-02-19T12:02:59+00:00","description":"Ponujam razli\u010dne storitve iz podro\u010dja notranjega oblikovanja. Idejna zasnova, Vizualizacije, Detajlni na\u010drti, Sodelovanje z izvajalci, Svetovanje, ...","breadcrumb":{"@id":"https:\/\/www.rbstudio.si\/storitve\/#breadcrumb"},"inLanguage":"sl-SI","potentialAction":[{"@type":"ReadAction","target":["https:\/\/www.rbstudio.si\/storitve\/"]}]},{"@type":"BreadcrumbList","@id":"https:\/\/www.rbstudio.si\/storitve\/#breadcrumb","itemListElement":[{"@type":"ListItem","position":1,"name":"Home","item":"https:\/\/www.rbstudio.si\/"},{"@type":"ListItem","position":2,"name":"Storitve"}]},{"@type":"WebSite","@id":"https:\/\/www.rbstudio.si\/#website","url":"https:\/\/www.rbstudio.si\/","name":"RB studio","description":"","publisher":{"@id":"https:\/\/www.rbstudio.si\/#organization"},"potentialAction":[{"@type":"SearchAction","target":{"@type":"EntryPoint","urlTemplate":"https:\/\/www.rbstudio.si\/?s={search_term_string}"},"query-input":{"@type":"PropertyValueSpecification","valueRequired":true,"valueName":"search_term_string"}}],"inLanguage":"sl-SI"},{"@type":"Organization","@id":"https:\/\/www.rbstudio.si\/#organization","name":"RB studio","url":"https:\/\/www.rbstudio.si\/","logo":{"@type":"ImageObject","inLanguage":"sl-SI","@id":"https:\/\/www.rbstudio.si\/#\/schema\/logo\/image\/","url":"https:\/\/rbstudio.si.rsmt.si\/wp-content\/uploads\/2023\/01\/RB-studio_black.png","contentUrl":"https:\/\/rbstudio.si.rsmt.si\/wp-content\/uploads\/2023\/01\/RB-studio_black.png","width":512,"height":512,"caption":"RB studio"},"image":{"@id":"https:\/\/www.rbstudio.si\/#\/schema\/logo\/image\/"},"sameAs":["https:\/\/www.linkedin.com\/in\/rok-boi-rbstudio"]}]}},"_links":{"self":[{"href":"https:\/\/www.rbstudio.si\/sl\/wp-json\/wp\/v2\/pages\/1011","targetHints":{"allow":["GET"]}}],"collection":[{"href":"https:\/\/www.rbstudio.si\/sl\/wp-json\/wp\/v2\/pages"}],"about":[{"href":"https:\/\/www.rbstudio.si\/sl\/wp-json\/wp\/v2\/types\/page"}],"author":[{"embeddable":true,"href":"https:\/\/www.rbstudio.si\/sl\/wp-json\/wp\/v2\/users\/3"}],"replies":[{"embeddable":true,"href":"https:\/\/www.rbstudio.si\/sl\/wp-json\/wp\/v2\/comments?post=1011"}],"version-history":[{"count":43,"href":"https:\/\/www.rbstudio.si\/sl\/wp-json\/wp\/v2\/pages\/1011\/revisions"}],"predecessor-version":[{"id":1552,"href":"https:\/\/www.rbstudio.si\/sl\/wp-json\/wp\/v2\/pages\/1011\/revisions\/1552"}],"wp:attachment":[{"href":"https:\/\/www.rbstudio.si\/sl\/wp-json\/wp\/v2\/media?parent=1011"}],"curies":[{"name":"wp","href":"https:\/\/api.w.org\/{rel}","templated":true}]}}