{"id":1011,"date":"2023-01-12T09:20:32","date_gmt":"2023-01-12T08:20:32","guid":{"rendered":"https:\/\/www.rbstudio.si\/?page_id=1011"},"modified":"2023-02-19T13:02:59","modified_gmt":"2023-02-19T12:02:59","slug":"storitve","status":"publish","type":"page","link":"https:\/\/www.rbstudio.si\/en\/storitve\/","title":{"rendered":"Services"},"content":{"rendered":"<div class=\"wpb-content-wrapper\"><div class=\"vc_row wpb_row vc_row-fluid\"><div class=\"wpb_column vc_column_container vc_col-sm-12\"><div class=\"vc_column-inner\"><div class=\"wpb_wrapper\">\n\n    <main\n            class=\"page-header-3\"  >\n        <div class=\"container\">\n            <div class=\"row\">\n                <div class=\"col-md-3\">\n                    <div class=\"title-hr\"><\/div>\n                <\/div>\n                <div class=\"col-md-8 col-lg-6\"><h1>Services<\/h1><\/div>\n            <\/div>\n        <\/div>\n    <\/main>\n\t\n\n    <div class=\"content-entry-image vc_custom_1675937662390\"  ><\/div>\n\n\t\n\n    <section\n            class=\"section bg-dots\"  >\n        <div class=\"container\">\n            <div class=\"row\">\n                <div class=\"col-md-3\">\n                    <div class=\"section-info\">\n                        <div class=\"title-hr\"><\/div>\n                        <div class=\"info-title\">services<\/div>\n                    <\/div>\n                <\/div>\n                <div class=\"col-md-9\">\n                    <div class=\"row-services row\">\n\t\t\t\t\t\t\n                                <div class=\"col-service col-sm-6 col-lg-4\">\n\t\t\t\t\t\t\t\t\t<span class=\"text-dark  icon-medium icon-pencil-ruler\"><\/span>\n                                    <h4>Preparation of documentation<\/h4>\n                                    <p>-Conceptual design<br \/>\n- Visualizations<br \/>\n-Detailed plans<br \/>\n-Lists of works <br \/><\/p>\n                                <\/div>\n\n\t\t\t\t\t\t\t\n                                <div class=\"col-service col-sm-6 col-lg-4\">\n\t\t\t\t\t\t\t\t\t<span class=\"text-dark  fa-big fa fa-refresh\"><\/span>\n                                    <h4>Development of POS (Point Of Sale) stands<\/h4>\n                                    <p>The service includes the development of POS stands of various sizes for a wide variety of products. From idea to implementation and application to the store.<\/p>\n                                <\/div>\n\n\t\t\t\t\t\t\t\n                                <div class=\"col-service col-sm-6 col-lg-4\">\n\t\t\t\t\t\t\t\t\t<span class=\"text-dark  icon-medium icon ion-android-people\"><\/span>\n                                    <h4>Cooperation with contractors<\/h4>\n                                    <p>I have a wide range of carpenters, builders, electricians, plumbers.<\/p>\n                                <\/div>\n\n\t\t\t\t\t\t\t\n                                <div class=\"col-service col-sm-6 col-lg-4\">\n\t\t\t\t\t\t\t\t\t<span class=\"text-dark  icon-medium icon ion-cube\"><\/span>\n                                    <h4>Spatial consulting<\/h4>\n                                    <p>If you are not sure about the procedure and just want to check your idea, I am available.<\/p>\n                                <\/div>\n\n\t\t\t\t\t\t\t\n\n                    <\/div>\n                <\/div>\n            <\/div>\n            <section class=\"section pb-0\">\n                <div class=\"row\">\n\t\t\t\t\t                <\/div>\n            <\/section>\n        <\/div>\n    <\/section>\n\t<style>\n\t\t.fa-big{\n\t\t\tfont-size: 4.2rem;\n\t\t}\n\n\t<\/style>\n\t\n\n    <section\n            class=\"section bg-dots\"  >\n        <div class=\"container\">\n            <div class=\"row\">\n                <div class=\"col-md-3\">\n                    <div class=\"section-info\">\n                        <div class=\"title-hr\"><\/div>\n                        <div class=\"info-title\">Workflow<\/div>\n                    <\/div>\n                <\/div>\n                <div class=\"col-md-9\">\n                    <div class=\"row-services row\">\n\t\t\t\t\t\t\n                                <div class=\"col-service col-sm-6 col-lg-4\">\n\t\t\t\t\t\t\t\t\t<span class=\"text-dark  icon-medium icon ion-android-contacts\"><\/span>\n                                    <h4>1. Introductory meeting<\/h4>\n                                    <p>After being contacted by the client, I organize an introductory meeting where we get to know each other. If I obtain floor plans in advance, I can prepare for the meeting in advance. The meeting can be held on the spot, where I can already take the measurements. For a faster workflow, it is important that the client&#039;s wishes and requirements are defined as clearly as possible. Before I start work, I prepare an offer.<\/p>\n                                <\/div>\n\n\t\t\t\t\t\t\t\n                                <div class=\"col-service col-sm-6 col-lg-4\">\n\t\t\t\t\t\t\t\t\t<span class=\"text-dark  icon-medium icon ion-android-bulb\"><\/span>\n                                    <h4>2. Conceptual design<\/h4>\n                                    <p>After the confirmed offer, I immediately go into action. In the conceptual design phase, I focus on the solution of the space in 2D, i.e. in the floor plan. If larger (public\/private) interiors are being worked on, the common thread of design and selection of materials is important, which I present in a short catalog with the conceptual design. My commitment is to take into account the previously agreed wishes and requirements of the client and to try to the best of my ability to make maximum use of the space.<\/p>\n                                <\/div>\n\n\t\t\t\t\t\t\t\n                                <div class=\"col-service col-sm-6 col-lg-4\">\n\t\t\t\t\t\t\t\t\t<span class=\"text-dark  icon-medium icon-medium icon-apartment\"><\/span>\n                                    <h4>3. Visualizations<\/h4>\n                                    <p>When the floor plan is resolved and it means that we are all satisfied, I start creating visualizations. Only these are very important for the client, because they show how the space should look in reality. According to experience, depending on the level of spatial perception, some people do not decide and skip this phase. However, it is definitely recommended for those with poor spatial perception. Sketching is always very useful and effective when I want to check something with myself or the client during the visualization preparation phase.<\/p>\n                                <\/div>\n\n\t\t\t\t\t\t\t\n                                <div class=\"col-service col-sm-6 col-lg-4\">\n\t\t\t\t\t\t\t\t\t<span class=\"text-dark  icon-medium icon ion-android-clipboard\"><\/span>\n                                    <h4>4. Detailed plans<\/h4>\n                                    <p>The most extensive part of the project is the implementation plans. These range from plans for floors, ceilings, electricity, bathroom schemes, layout of equipment to detailed furniture plans (up to a scale of 1:5). In the case of larger projects, it is also important to list elements for each category of plans. Detailed plans are important for: obtaining accurate offers from contractors, lower cost of supervision on the construction site, accurate calculation of the total investment. In short, precise and exact instructions for each individual contractor, which results in a fast and smooth execution. <\/p>\n                                <\/div>\n\n\t\t\t\t\t\t\t\n                                <div class=\"col-service col-sm-6 col-lg-4\">\n\t\t\t\t\t\t\t\t\t<span class=\"text-dark  icon-medium icon-medium icon-paint-roller\"><\/span>\n                                    <h4>5. Cooperation with contractors<\/h4>\n                                    <p>After finishing the work at the computer, the application of the drawing to reality follows. Many times designers are criticized by contractors that paper transfers everything, so awareness of the designer&#039;s work is crucial. Of course, I adhere to this when planning and I always ask myself whether I, as a contractor, would represent the plans. When the contractors see that you are working hard and also represent them, this method pays off in the long run with a lot of newly acquired knowledge and experience. I also like to work on the construction site, because the work is dynamic and the communication with the contractors suits me.<\/p>\n                                <\/div>\n\n\t\t\t\t\t\t\t\n                                <div class=\"col-service col-sm-6 col-lg-4\">\n\t\t\t\t\t\t\t\t\t<span class=\"text-dark  fa-big fa fa-handshake-o\"><\/span>\n                                    <h4>6. Final product<\/h4>\n                                    <p>My mission, challenge and goal is to satisfy the wishes and needs of the client with an integrated design solution in mind. The participants in the entire process are caricatured as an orchestra headed by a conductor. If we want a superbly performed piece, therefore, every individual is important. When everything comes together, the result is a harmoniously played composition and thunderous applause from the listeners :).<\/p>\n                                <\/div>\n\n\t\t\t\t\t\t\t\n\n                    <\/div>\n                <\/div>\n            <\/div>\n            <section class=\"section pb-0\">\n                <div class=\"row\">\n\t\t\t\t\t                <\/div>\n            <\/section>\n        <\/div>\n    <\/section>\n\t<style>\n\t\t.fa-big{\n\t\t\tfont-size: 4.2rem;\n\t\t}\n\n\t<\/style>\n\t<\/div><\/div><\/div><\/div><div class=\"vc_row wpb_row vc_row-fluid\"><div class=\"wpb_column vc_column_container vc_col-sm-12\"><div class=\"vc_column-inner\"><div class=\"wpb_wrapper\">\n\t<div class=\"wpb_text_column wpb_content_element\" >\n\t\t<div class=\"wpb_wrapper\">\n\t\t\t\n\t\t<\/div>\n\t<\/div>\n<\/div><\/div><\/div><\/div>\n<\/div>","protected":false},"excerpt":{"rendered":"Storitve storitve Priprava dokumentacije -Idejna zasnova -Vizualizacije -Detajlni na\u010drti -Popisi del Razvoj POS (Point Of Sale) stojal Storitev obsega razvoj razli\u010dno velikih POS stojal za najrazli\u010dnej\u0161e produkte. Od ideje do izvedbe in aplikacije v trgovino. Sodelovanje z izvajalci Imam \u0161irok nabor mizarjev, gradbenikov, elektri\u010darjev, vodoin\u0161talaterjev. Prostorsko svetovanje \u010ce nisi prepri\u010dan v poseg in \u017eeli\u0161 samo [...]","protected":false},"author":3,"featured_media":0,"parent":0,"menu_order":0,"comment_status":"closed","ping_status":"closed","template":"template-contacts.php","meta":{"_monsterinsights_skip_tracking":false,"_monsterinsights_sitenote_active":false,"_monsterinsights_sitenote_note":"","_monsterinsights_sitenote_category":0,"footnotes":""},"class_list":["post-1011","page","type-page","status-publish","hentry"],"yoast_head":"<!-- This site is optimized with the Yoast SEO plugin v27.6 - https:\/\/yoast.com\/product\/yoast-seo-wordpress\/ -->\n<title>RB studio | Storitve | Idejna zasnova | Vizualizacije | Detajlni na\u010drti<\/title>\n<meta name=\"description\" content=\"Ponujam razli\u010dne storitve iz podro\u010dja notranjega oblikovanja. Idejna zasnova, Vizualizacije, Detajlni na\u010drti, Sodelovanje z izvajalci, Svetovanje, ...\" \/>\n<meta name=\"robots\" content=\"index, follow, max-snippet:-1, max-image-preview:large, max-video-preview:-1\" \/>\n<link rel=\"canonical\" href=\"https:\/\/www.rbstudio.si\/en\/storitve\/\" \/>\n<meta property=\"og:locale\" content=\"en_GB\" \/>\n<meta property=\"og:type\" content=\"article\" \/>\n<meta property=\"og:title\" content=\"RB studio | Storitve | Idejna zasnova | Vizualizacije | Detajlni na\u010drti\" \/>\n<meta property=\"og:description\" content=\"Ponujam razli\u010dne storitve iz podro\u010dja notranjega oblikovanja. Idejna zasnova, Vizualizacije, Detajlni na\u010drti, Sodelovanje z izvajalci, Svetovanje, ...\" \/>\n<meta property=\"og:url\" content=\"https:\/\/www.rbstudio.si\/en\/storitve\/\" \/>\n<meta property=\"og:site_name\" content=\"RB studio\" \/>\n<meta property=\"article:modified_time\" content=\"2023-02-19T12:02:59+00:00\" \/>\n<meta name=\"twitter:card\" content=\"summary_large_image\" \/>\n<meta name=\"twitter:label1\" content=\"Estimated reading time\" \/>\n\t<meta name=\"twitter:data1\" content=\"1 minute\" \/>\n<script type=\"application\/ld+json\" class=\"yoast-schema-graph\">{\"@context\":\"https:\\\/\\\/schema.org\",\"@graph\":[{\"@type\":\"WebPage\",\"@id\":\"https:\\\/\\\/www.rbstudio.si\\\/storitve\\\/\",\"url\":\"https:\\\/\\\/www.rbstudio.si\\\/storitve\\\/\",\"name\":\"RB studio | Storitve | Idejna zasnova | Vizualizacije | Detajlni na\u010drti\",\"isPartOf\":{\"@id\":\"https:\\\/\\\/www.rbstudio.si\\\/#website\"},\"datePublished\":\"2023-01-12T08:20:32+00:00\",\"dateModified\":\"2023-02-19T12:02:59+00:00\",\"description\":\"Ponujam razli\u010dne storitve iz podro\u010dja notranjega oblikovanja. Idejna zasnova, Vizualizacije, Detajlni na\u010drti, Sodelovanje z izvajalci, Svetovanje, ...\",\"breadcrumb\":{\"@id\":\"https:\\\/\\\/www.rbstudio.si\\\/storitve\\\/#breadcrumb\"},\"inLanguage\":\"en-GB\",\"potentialAction\":[{\"@type\":\"ReadAction\",\"target\":[\"https:\\\/\\\/www.rbstudio.si\\\/storitve\\\/\"]}]},{\"@type\":\"BreadcrumbList\",\"@id\":\"https:\\\/\\\/www.rbstudio.si\\\/storitve\\\/#breadcrumb\",\"itemListElement\":[{\"@type\":\"ListItem\",\"position\":1,\"name\":\"Home\",\"item\":\"https:\\\/\\\/www.rbstudio.si\\\/\"},{\"@type\":\"ListItem\",\"position\":2,\"name\":\"Storitve\"}]},{\"@type\":\"WebSite\",\"@id\":\"https:\\\/\\\/www.rbstudio.si\\\/#website\",\"url\":\"https:\\\/\\\/www.rbstudio.si\\\/\",\"name\":\"RB studio\",\"description\":\"\",\"publisher\":{\"@id\":\"https:\\\/\\\/www.rbstudio.si\\\/#organization\"},\"potentialAction\":[{\"@type\":\"SearchAction\",\"target\":{\"@type\":\"EntryPoint\",\"urlTemplate\":\"https:\\\/\\\/www.rbstudio.si\\\/?s={search_term_string}\"},\"query-input\":{\"@type\":\"PropertyValueSpecification\",\"valueRequired\":true,\"valueName\":\"search_term_string\"}}],\"inLanguage\":\"en-GB\"},{\"@type\":\"Organization\",\"@id\":\"https:\\\/\\\/www.rbstudio.si\\\/#organization\",\"name\":\"RB studio\",\"url\":\"https:\\\/\\\/www.rbstudio.si\\\/\",\"logo\":{\"@type\":\"ImageObject\",\"inLanguage\":\"en-GB\",\"@id\":\"https:\\\/\\\/www.rbstudio.si\\\/#\\\/schema\\\/logo\\\/image\\\/\",\"url\":\"https:\\\/\\\/rbstudio.si.rsmt.si\\\/wp-content\\\/uploads\\\/2023\\\/01\\\/RB-studio_black.png\",\"contentUrl\":\"https:\\\/\\\/rbstudio.si.rsmt.si\\\/wp-content\\\/uploads\\\/2023\\\/01\\\/RB-studio_black.png\",\"width\":512,\"height\":512,\"caption\":\"RB studio\"},\"image\":{\"@id\":\"https:\\\/\\\/www.rbstudio.si\\\/#\\\/schema\\\/logo\\\/image\\\/\"},\"sameAs\":[\"https:\\\/\\\/www.linkedin.com\\\/in\\\/rok-boi-rbstudio\"]}]}<\/script>\n<!-- \/ Yoast SEO plugin. -->","yoast_head_json":{"title":"RB studio | Storitve | Idejna zasnova | Vizualizacije | Detajlni na\u010drti","description":"Ponujam razli\u010dne storitve iz podro\u010dja notranjega oblikovanja. Idejna zasnova, Vizualizacije, Detajlni na\u010drti, Sodelovanje z izvajalci, Svetovanje, ...","robots":{"index":"index","follow":"follow","max-snippet":"max-snippet:-1","max-image-preview":"max-image-preview:large","max-video-preview":"max-video-preview:-1"},"canonical":"https:\/\/www.rbstudio.si\/en\/storitve\/","og_locale":"en_GB","og_type":"article","og_title":"RB studio | Storitve | Idejna zasnova | Vizualizacije | Detajlni na\u010drti","og_description":"Ponujam razli\u010dne storitve iz podro\u010dja notranjega oblikovanja. Idejna zasnova, Vizualizacije, Detajlni na\u010drti, Sodelovanje z izvajalci, Svetovanje, ...","og_url":"https:\/\/www.rbstudio.si\/en\/storitve\/","og_site_name":"RB studio","article_modified_time":"2023-02-19T12:02:59+00:00","twitter_card":"summary_large_image","twitter_misc":{"Estimated reading time":"1 minute"},"schema":{"@context":"https:\/\/schema.org","@graph":[{"@type":"WebPage","@id":"https:\/\/www.rbstudio.si\/storitve\/","url":"https:\/\/www.rbstudio.si\/storitve\/","name":"RB studio | Storitve | Idejna zasnova | Vizualizacije | Detajlni na\u010drti","isPartOf":{"@id":"https:\/\/www.rbstudio.si\/#website"},"datePublished":"2023-01-12T08:20:32+00:00","dateModified":"2023-02-19T12:02:59+00:00","description":"Ponujam razli\u010dne storitve iz podro\u010dja notranjega oblikovanja. Idejna zasnova, Vizualizacije, Detajlni na\u010drti, Sodelovanje z izvajalci, Svetovanje, ...","breadcrumb":{"@id":"https:\/\/www.rbstudio.si\/storitve\/#breadcrumb"},"inLanguage":"en-GB","potentialAction":[{"@type":"ReadAction","target":["https:\/\/www.rbstudio.si\/storitve\/"]}]},{"@type":"BreadcrumbList","@id":"https:\/\/www.rbstudio.si\/storitve\/#breadcrumb","itemListElement":[{"@type":"ListItem","position":1,"name":"Home","item":"https:\/\/www.rbstudio.si\/"},{"@type":"ListItem","position":2,"name":"Storitve"}]},{"@type":"WebSite","@id":"https:\/\/www.rbstudio.si\/#website","url":"https:\/\/www.rbstudio.si\/","name":"RB studio","description":"","publisher":{"@id":"https:\/\/www.rbstudio.si\/#organization"},"potentialAction":[{"@type":"SearchAction","target":{"@type":"EntryPoint","urlTemplate":"https:\/\/www.rbstudio.si\/?s={search_term_string}"},"query-input":{"@type":"PropertyValueSpecification","valueRequired":true,"valueName":"search_term_string"}}],"inLanguage":"en-GB"},{"@type":"Organization","@id":"https:\/\/www.rbstudio.si\/#organization","name":"RB studio","url":"https:\/\/www.rbstudio.si\/","logo":{"@type":"ImageObject","inLanguage":"en-GB","@id":"https:\/\/www.rbstudio.si\/#\/schema\/logo\/image\/","url":"https:\/\/rbstudio.si.rsmt.si\/wp-content\/uploads\/2023\/01\/RB-studio_black.png","contentUrl":"https:\/\/rbstudio.si.rsmt.si\/wp-content\/uploads\/2023\/01\/RB-studio_black.png","width":512,"height":512,"caption":"RB studio"},"image":{"@id":"https:\/\/www.rbstudio.si\/#\/schema\/logo\/image\/"},"sameAs":["https:\/\/www.linkedin.com\/in\/rok-boi-rbstudio"]}]}},"_links":{"self":[{"href":"https:\/\/www.rbstudio.si\/en\/wp-json\/wp\/v2\/pages\/1011","targetHints":{"allow":["GET"]}}],"collection":[{"href":"https:\/\/www.rbstudio.si\/en\/wp-json\/wp\/v2\/pages"}],"about":[{"href":"https:\/\/www.rbstudio.si\/en\/wp-json\/wp\/v2\/types\/page"}],"author":[{"embeddable":true,"href":"https:\/\/www.rbstudio.si\/en\/wp-json\/wp\/v2\/users\/3"}],"replies":[{"embeddable":true,"href":"https:\/\/www.rbstudio.si\/en\/wp-json\/wp\/v2\/comments?post=1011"}],"version-history":[{"count":43,"href":"https:\/\/www.rbstudio.si\/en\/wp-json\/wp\/v2\/pages\/1011\/revisions"}],"predecessor-version":[{"id":1552,"href":"https:\/\/www.rbstudio.si\/en\/wp-json\/wp\/v2\/pages\/1011\/revisions\/1552"}],"wp:attachment":[{"href":"https:\/\/www.rbstudio.si\/en\/wp-json\/wp\/v2\/media?parent=1011"}],"curies":[{"name":"wp","href":"https:\/\/api.w.org\/{rel}","templated":true}]}}